{"id":1476,"date":"2020-12-20T14:24:10","date_gmt":"2020-12-20T14:24:10","guid":{"rendered":"http:\/\/makingmaterials.cmic.polimi.it\/?page_id=1476"},"modified":"2020-12-27T15:13:37","modified_gmt":"2020-12-27T15:13:37","slug":"manuel-cariddi-alumnus","status":"publish","type":"page","link":"https:\/\/makingmaterials.cmic.polimi.it\/en\/il-team\/manuel-cariddi-alumnus\/","title":{"rendered":"Manuel Cariddi"},"content":{"rendered":"<div data-elementor-type=\"wp-page\" data-elementor-id=\"1476\" class=\"elementor elementor-1476\">\n\t\t\t\t\t\t\t\t\t<section class=\"elementor-section elementor-top-section elementor-element elementor-element-4d22abef elementor-section-boxed elementor-section-height-default elementor-section-height-default\" data-id=\"4d22abef\" data-element_type=\"section\">\n\t\t\t\t\t\t<div class=\"elementor-container elementor-column-gap-default\">\n\t\t\t\t\t<div class=\"elementor-column elementor-col-100 elementor-top-column elementor-element elementor-element-3522104b\" data-id=\"3522104b\" data-element_type=\"column\">\n\t\t\t<div class=\"elementor-widget-wrap elementor-element-populated\">\n\t\t\t\t\t\t\t\t<section class=\"elementor-section elementor-inner-section elementor-element elementor-element-30c93f27 elementor-section-boxed elementor-section-height-default elementor-section-height-default\" data-id=\"30c93f27\" data-element_type=\"section\">\n\t\t\t\t\t\t<div class=\"elementor-container elementor-column-gap-default\">\n\t\t\t\t\t<div class=\"elementor-column elementor-col-33 elementor-inner-column elementor-element elementor-element-6c7becc9\" data-id=\"6c7becc9\" data-element_type=\"column\">\n\t\t\t<div class=\"elementor-widget-wrap elementor-element-populated\">\n\t\t\t\t\t\t\t\t<div class=\"elementor-element elementor-element-173d990a elementor-widget elementor-widget-heading\" data-id=\"173d990a\" data-element_type=\"widget\" data-widget_type=\"heading.default\">\n\t\t\t\t<div class=\"elementor-widget-container\">\n\t\t\t<h2 class=\"elementor-heading-title elementor-size-default\">Manuel Cariddi<\/h2>\t\t<\/div>\n\t\t\t\t<\/div>\n\t\t\t\t\t<\/div>\n\t\t<\/div>\n\t\t\t\t<div class=\"elementor-column elementor-col-66 elementor-inner-column elementor-element elementor-element-ddcd88e\" data-id=\"ddcd88e\" data-element_type=\"column\">\n\t\t\t<div class=\"elementor-widget-wrap\">\n\t\t\t\t\t\t\t\t\t<\/div>\n\t\t<\/div>\n\t\t\t\t\t\t\t<\/div>\n\t\t<\/section>\n\t\t\t\t<section class=\"elementor-section elementor-inner-section elementor-element elementor-element-1d8effb3 elementor-section-boxed elementor-section-height-default elementor-section-height-default\" data-id=\"1d8effb3\" data-element_type=\"section\">\n\t\t\t\t\t\t<div class=\"elementor-container elementor-column-gap-default\">\n\t\t\t\t\t<div class=\"elementor-column elementor-col-33 elementor-inner-column elementor-element elementor-element-57e99754\" data-id=\"57e99754\" data-element_type=\"column\">\n\t\t\t<div class=\"elementor-widget-wrap elementor-element-populated\">\n\t\t\t\t\t\t\t\t<div class=\"elementor-element elementor-element-30f8abe4 elementor-widget elementor-widget-image\" data-id=\"30f8abe4\" data-element_type=\"widget\" data-widget_type=\"image.default\">\n\t\t\t\t<div class=\"elementor-widget-container\">\n\t\t\t\t\t\t\t\t\t\t\t\t\t\t\t<img fetchpriority=\"high\" decoding=\"async\" width=\"300\" height=\"300\" src=\"https:\/\/makingmaterials.cmic.polimi.it\/wp-content\/uploads\/2020\/12\/IMG-20150922-WA0004-manuel-cariddi-300x300.jpg\" class=\"attachment-medium size-medium wp-image-1481\" alt=\"\" srcset=\"https:\/\/makingmaterials.cmic.polimi.it\/wp-content\/uploads\/2020\/12\/IMG-20150922-WA0004-manuel-cariddi-300x300.jpg 300w, https:\/\/makingmaterials.cmic.polimi.it\/wp-content\/uploads\/2020\/12\/IMG-20150922-WA0004-manuel-cariddi-150x150.jpg 150w, https:\/\/makingmaterials.cmic.polimi.it\/wp-content\/uploads\/2020\/12\/IMG-20150922-WA0004-manuel-cariddi.jpg 668w\" sizes=\"(max-width: 300px) 100vw, 300px\" \/>\t\t\t\t\t\t\t\t\t\t\t\t\t\t\t<\/div>\n\t\t\t\t<\/div>\n\t\t\t\t\t<\/div>\n\t\t<\/div>\n\t\t\t\t<div class=\"elementor-column elementor-col-66 elementor-inner-column elementor-element elementor-element-545eac9d\" data-id=\"545eac9d\" data-element_type=\"column\">\n\t\t\t<div class=\"elementor-widget-wrap elementor-element-populated\">\n\t\t\t\t\t\t\t\t<div class=\"elementor-element elementor-element-15a3c11 elementor-widget elementor-widget-heading\" data-id=\"15a3c11\" data-element_type=\"widget\" data-widget_type=\"heading.default\">\n\t\t\t\t<div class=\"elementor-widget-container\">\n\t\t\t<h2 class=\"elementor-heading-title elementor-size-default\">Your pizza box. Innovative system for managing pizza delivery orders: pizza recognition, packaging and customer experience<\/h2>\t\t<\/div>\n\t\t\t\t<\/div>\n\t\t\t\t<div class=\"elementor-element elementor-element-3aefdce4 elementor-widget elementor-widget-text-editor\" data-id=\"3aefdce4\" data-element_type=\"widget\" data-widget_type=\"text-editor.default\">\n\t\t\t\t<div class=\"elementor-widget-container\">\n\t\t\t\t\t\t\t<p>This research thesis arises from the desire to thoroughly investigate one of the most current phenomena of today's society: food delivery, so as to develop a product-system that aims to improve order management and user experience.<\/p><p>Thus was born Your Pizza Box: a system composed of an intelligent pizza cutter wheel, which allows the pizzeria to scan and check the orders that are about to be delivered to the delivery boy; a unique packaging to which this pizza will be associated, containing entertainment for the customer; an app that guarantees communication between pizzeria, customer and food delivery company.<\/p>\t\t\t\t\t\t<\/div>\n\t\t\t\t<\/div>\n\t\t\t\t\t<\/div>\n\t\t<\/div>\n\t\t\t\t\t\t\t<\/div>\n\t\t<\/section>\n\t\t\t\t\t<\/div>\n\t\t<\/div>\n\t\t\t\t\t\t\t<\/div>\n\t\t<\/section>\n\t\t\t\t<section class=\"elementor-section elementor-top-section elementor-element elementor-element-2699145d elementor-section-boxed elementor-section-height-default elementor-section-height-default\" data-id=\"2699145d\" data-element_type=\"section\" data-settings=\"{&quot;background_background&quot;:&quot;classic&quot;}\">\n\t\t\t\t\t\t<div class=\"elementor-container elementor-column-gap-no\">\n\t\t\t\t\t<div class=\"elementor-column elementor-col-50 elementor-top-column elementor-element elementor-element-68fd9ef1\" data-id=\"68fd9ef1\" data-element_type=\"column\">\n\t\t\t<div class=\"elementor-widget-wrap elementor-element-populated\">\n\t\t\t\t\t\t\t\t<div class=\"elementor-element elementor-element-5ef8732b elementor-widget elementor-widget-heading\" data-id=\"5ef8732b\" data-element_type=\"widget\" data-widget_type=\"heading.default\">\n\t\t\t\t<div class=\"elementor-widget-container\">\n\t\t\t<h2 class=\"elementor-heading-title elementor-size-default\">contacts<\/h2>\t\t<\/div>\n\t\t\t\t<\/div>\n\t\t\t\t<div class=\"elementor-element elementor-element-4f2f9913 elementor-widget elementor-widget-text-editor\" data-id=\"4f2f9913\" data-element_type=\"widget\" data-widget_type=\"text-editor.default\">\n\t\t\t\t<div class=\"elementor-widget-container\">\n\t\t\t\t\t\t\t<p><a href=\"https:\/\/www.politesi.polimi.it\/handle\/10589\/152920\"><span style=\"font-weight: 400;\">POLITESI<\/span><\/a><\/p><p><a href=\"https:\/\/www.linkedin.com\/in\/manuel-francesco-cariddi-2bb1a9197\/\"><span style=\"font-weight: 400;\">Linkedin<\/span><\/a><\/p>\t\t\t\t\t\t<\/div>\n\t\t\t\t<\/div>\n\t\t\t\t\t<\/div>\n\t\t<\/div>\n\t\t\t\t<div class=\"elementor-column elementor-col-50 elementor-top-column elementor-element elementor-element-28ce35a7\" data-id=\"28ce35a7\" data-element_type=\"column\">\n\t\t\t<div class=\"elementor-widget-wrap elementor-element-populated\">\n\t\t\t\t\t\t\t\t<div class=\"elementor-element elementor-element-3fa03703 elementor-widget elementor-widget-heading\" data-id=\"3fa03703\" data-element_type=\"widget\" data-widget_type=\"heading.default\">\n\t\t\t\t<div class=\"elementor-widget-container\">\n\t\t\t<h2 class=\"elementor-heading-title elementor-size-default\">keywords<\/h2>\t\t<\/div>\n\t\t\t\t<\/div>\n\t\t\t\t<div class=\"elementor-element elementor-element-5f69c3c1 elementor-widget elementor-widget-text-editor\" data-id=\"5f69c3c1\" data-element_type=\"widget\" data-widget_type=\"text-editor.default\">\n\t\t\t\t<div class=\"elementor-widget-container\">\n\t\t\t\t\t\t\t<p>Pizza<\/p><p>Packaging<\/p><p>Recognition<\/p>\t\t\t\t\t\t<\/div>\n\t\t\t\t<\/div>\n\t\t\t\t\t<\/div>\n\t\t<\/div>\n\t\t\t\t\t\t\t<\/div>\n\t\t<\/section>\n\t\t\t\t<section class=\"elementor-section elementor-top-section elementor-element elementor-element-76f160f elementor-section-boxed elementor-section-height-default elementor-section-height-default\" data-id=\"76f160f\" data-element_type=\"section\">\n\t\t\t\t\t\t<div class=\"elementor-container elementor-column-gap-default\">\n\t\t\t\t\t<div class=\"elementor-column elementor-col-33 elementor-top-column elementor-element elementor-element-b47d3e\" data-id=\"b47d3e\" data-element_type=\"column\">\n\t\t\t<div class=\"elementor-widget-wrap elementor-element-populated\">\n\t\t\t\t\t\t\t\t<div class=\"elementor-element elementor-element-4b81a2d1 elementor-widget elementor-widget-image\" data-id=\"4b81a2d1\" data-element_type=\"widget\" data-widget_type=\"image.default\">\n\t\t\t\t<div class=\"elementor-widget-container\">\n\t\t\t\t\t\t\t\t\t\t\t\t\t\t\t<img decoding=\"async\" width=\"768\" height=\"768\" src=\"https:\/\/makingmaterials.cmic.polimi.it\/wp-content\/uploads\/2020\/12\/tagliapizza-manuel-cariddi-768x768.jpg\" class=\"attachment-medium_large size-medium_large wp-image-1480\" alt=\"\" srcset=\"https:\/\/makingmaterials.cmic.polimi.it\/wp-content\/uploads\/2020\/12\/tagliapizza-manuel-cariddi-768x768.jpg 768w, https:\/\/makingmaterials.cmic.polimi.it\/wp-content\/uploads\/2020\/12\/tagliapizza-manuel-cariddi-300x300.jpg 300w, https:\/\/makingmaterials.cmic.polimi.it\/wp-content\/uploads\/2020\/12\/tagliapizza-manuel-cariddi-150x150.jpg 150w, https:\/\/makingmaterials.cmic.polimi.it\/wp-content\/uploads\/2020\/12\/tagliapizza-manuel-cariddi.jpg 853w\" sizes=\"(max-width: 768px) 100vw, 768px\" \/>\t\t\t\t\t\t\t\t\t\t\t\t\t\t\t<\/div>\n\t\t\t\t<\/div>\n\t\t\t\t\t<\/div>\n\t\t<\/div>\n\t\t\t\t<div class=\"elementor-column elementor-col-33 elementor-top-column elementor-element elementor-element-3a3a64ad\" data-id=\"3a3a64ad\" data-element_type=\"column\">\n\t\t\t<div class=\"elementor-widget-wrap elementor-element-populated\">\n\t\t\t\t\t\t\t\t<div class=\"elementor-element elementor-element-5f1a971a elementor-widget elementor-widget-image\" data-id=\"5f1a971a\" data-element_type=\"widget\" data-widget_type=\"image.default\">\n\t\t\t\t<div class=\"elementor-widget-container\">\n\t\t\t\t\t\t\t\t\t\t\t\t\t\t\t<img decoding=\"async\" width=\"768\" height=\"768\" src=\"https:\/\/makingmaterials.cmic.polimi.it\/wp-content\/uploads\/2020\/12\/parti-manuel-cariddi.png\" class=\"attachment-medium_large size-medium_large wp-image-1478\" alt=\"\" srcset=\"https:\/\/makingmaterials.cmic.polimi.it\/wp-content\/uploads\/2020\/12\/parti-manuel-cariddi.png 768w, https:\/\/makingmaterials.cmic.polimi.it\/wp-content\/uploads\/2020\/12\/parti-manuel-cariddi-300x300.png 300w, https:\/\/makingmaterials.cmic.polimi.it\/wp-content\/uploads\/2020\/12\/parti-manuel-cariddi-150x150.png 150w\" sizes=\"(max-width: 768px) 100vw, 768px\" \/>\t\t\t\t\t\t\t\t\t\t\t\t\t\t\t<\/div>\n\t\t\t\t<\/div>\n\t\t\t\t\t<\/div>\n\t\t<\/div>\n\t\t\t\t<div class=\"elementor-column elementor-col-33 elementor-top-column elementor-element elementor-element-56e5b82d\" data-id=\"56e5b82d\" data-element_type=\"column\">\n\t\t\t<div class=\"elementor-widget-wrap elementor-element-populated\">\n\t\t\t\t\t\t\t\t<div class=\"elementor-element elementor-element-74e5ff84 elementor-widget elementor-widget-image\" data-id=\"74e5ff84\" data-element_type=\"widget\" data-widget_type=\"image.default\">\n\t\t\t\t<div class=\"elementor-widget-container\">\n\t\t\t\t\t\t\t\t\t\t\t\t\t\t\t<img loading=\"lazy\" decoding=\"async\" width=\"675\" height=\"675\" src=\"https:\/\/makingmaterials.cmic.polimi.it\/wp-content\/uploads\/2020\/12\/render-manuel-cariddi.jpg\" class=\"attachment-medium_large size-medium_large wp-image-1479\" alt=\"\" srcset=\"https:\/\/makingmaterials.cmic.polimi.it\/wp-content\/uploads\/2020\/12\/render-manuel-cariddi.jpg 675w, https:\/\/makingmaterials.cmic.polimi.it\/wp-content\/uploads\/2020\/12\/render-manuel-cariddi-300x300.jpg 300w, https:\/\/makingmaterials.cmic.polimi.it\/wp-content\/uploads\/2020\/12\/render-manuel-cariddi-150x150.jpg 150w\" sizes=\"(max-width: 675px) 100vw, 675px\" \/>\t\t\t\t\t\t\t\t\t\t\t\t\t\t\t<\/div>\n\t\t\t\t<\/div>\n\t\t\t\t\t<\/div>\n\t\t<\/div>\n\t\t\t\t\t\t\t<\/div>\n\t\t<\/section>\n\t\t\t\t\t\t\t<\/div>","protected":false},"excerpt":{"rendered":"<p>Manuel Cariddi Your pizza box. Sistema innovativo di gestione degli ordini di food delivery delle pizzerie: riconoscimento della pizza, packaging ed esperienza del cliente Questa Tesi di ricerca nasce dalla volont\u00e0 di investigare a fondo uno dei fenomeni pi\u00f9 attuali della societ\u00e0 di oggi: il food delivery, in modo tale da poter sviluppare un sistema-prodotto [&hellip;]<\/p>\n","protected":false},"author":2,"featured_media":0,"parent":288,"menu_order":0,"comment_status":"closed","ping_status":"closed","template":"","meta":{"_monsterinsights_skip_tracking":false,"_monsterinsights_sitenote_active":false,"_monsterinsights_sitenote_note":"","_monsterinsights_sitenote_category":0,"site-sidebar-layout":"no-sidebar","site-content-layout":"page-builder","ast-site-content-layout":"","site-content-style":"default","site-sidebar-style":"default","ast-global-header-display":"","ast-banner-title-visibility":"","ast-main-header-display":"","ast-hfb-above-header-display":"","ast-hfb-below-header-display":"","ast-hfb-mobile-header-display":"","site-post-title":"disabled","ast-breadcrumbs-content":"","ast-featured-img":"disabled","footer-sml-layout":"","theme-transparent-header-meta":"default","adv-header-id-meta":"","stick-header-meta":"","header-above-stick-meta":"","header-main-stick-meta":"","header-below-stick-meta":"","astra-migrate-meta-layouts":"default","ast-page-background-enabled":"default","ast-page-background-meta":{"desktop":{"background-color":"","background-image":"","background-repeat":"repeat","background-position":"center center","background-size":"auto","background-attachment":"scroll","background-type":"","background-media":"","overlay-type":"","overlay-color":"","overlay-gradient":""},"tablet":{"background-color":"","background-image":"","background-repeat":"repeat","background-position":"center center","background-size":"auto","background-attachment":"scroll","background-type":"","background-media":"","overlay-type":"","overlay-color":"","overlay-gradient":""},"mobile":{"background-color":"","background-image":"","background-repeat":"repeat","background-position":"center center","background-size":"auto","background-attachment":"scroll","background-type":"","background-media":"","overlay-type":"","overlay-color":"","overlay-gradient":""}},"ast-content-background-meta":{"desktop":{"background-color":"var(--ast-global-color-5)","background-image":"","background-repeat":"repeat","background-position":"center center","background-size":"auto","background-attachment":"scroll","background-type":"","background-media":"","overlay-type":"","overlay-color":"","overlay-gradient":""},"tablet":{"background-color":"var(--ast-global-color-5)","background-image":"","background-repeat":"repeat","background-position":"center center","background-size":"auto","background-attachment":"scroll","background-type":"","background-media":"","overlay-type":"","overlay-color":"","overlay-gradient":""},"mobile":{"background-color":"var(--ast-global-color-5)","background-image":"","background-repeat":"repeat","background-position":"center center","background-size":"auto","background-attachment":"scroll","background-type":"","background-media":"","overlay-type":"","overlay-color":"","overlay-gradient":""}},"footnotes":""},"yoast_head":"<!-- This site is optimized with the Yoast SEO plugin v23.3 - https:\/\/yoast.com\/wordpress\/plugins\/seo\/ -->\n<title>Manuel Cariddi - Making Materials<\/title>\n<meta name=\"robots\" content=\"index, follow, max-snippet:-1, max-image-preview:large, max-video-preview:-1\" \/>\n<link rel=\"canonical\" href=\"https:\/\/makingmaterials.cmic.polimi.it\/en\/il-team\/manuel-cariddi-alumnus\/\" \/>\n<meta property=\"og:locale\" content=\"en_GB\" \/>\n<meta property=\"og:type\" content=\"article\" \/>\n<meta property=\"og:title\" content=\"Manuel Cariddi - Making Materials\" \/>\n<meta property=\"og:description\" content=\"Manuel Cariddi Your pizza box. Sistema innovativo di gestione degli ordini di food delivery delle pizzerie: riconoscimento della pizza, packaging ed esperienza del cliente Questa Tesi di ricerca nasce dalla volont\u00e0 di investigare a fondo uno dei fenomeni pi\u00f9 attuali della societ\u00e0 di oggi: il food delivery, in modo tale da poter sviluppare un sistema-prodotto [&hellip;]\" \/>\n<meta property=\"og:url\" content=\"https:\/\/makingmaterials.cmic.polimi.it\/en\/il-team\/manuel-cariddi-alumnus\/\" \/>\n<meta property=\"og:site_name\" content=\"Making Materials\" \/>\n<meta property=\"article:modified_time\" content=\"2020-12-27T15:13:37+00:00\" \/>\n<meta property=\"og:image\" content=\"http:\/\/makingmaterials.cmic.polimi.it\/wp-content\/uploads\/2020\/12\/IMG-20150922-WA0004-manuel-cariddi-300x300.jpg\" \/>\n<meta name=\"twitter:card\" content=\"summary_large_image\" \/>\n<meta name=\"twitter:label1\" content=\"Estimated reading time\" \/>\n\t<meta name=\"twitter:data1\" content=\"1 minute\" \/>\n<script type=\"application\/ld+json\" class=\"yoast-schema-graph\">{\"@context\":\"https:\/\/schema.org\",\"@graph\":[{\"@type\":\"WebPage\",\"@id\":\"https:\/\/makingmaterials.cmic.polimi.it\/il-team\/manuel-cariddi-alumnus\/\",\"url\":\"https:\/\/makingmaterials.cmic.polimi.it\/il-team\/manuel-cariddi-alumnus\/\",\"name\":\"Manuel Cariddi - Making Materials\",\"isPartOf\":{\"@id\":\"https:\/\/makingmaterials.cmic.polimi.it\/#website\"},\"primaryImageOfPage\":{\"@id\":\"https:\/\/makingmaterials.cmic.polimi.it\/il-team\/manuel-cariddi-alumnus\/#primaryimage\"},\"image\":{\"@id\":\"https:\/\/makingmaterials.cmic.polimi.it\/il-team\/manuel-cariddi-alumnus\/#primaryimage\"},\"thumbnailUrl\":\"http:\/\/makingmaterials.cmic.polimi.it\/wp-content\/uploads\/2020\/12\/IMG-20150922-WA0004-manuel-cariddi-300x300.jpg\",\"datePublished\":\"2020-12-20T14:24:10+00:00\",\"dateModified\":\"2020-12-27T15:13:37+00:00\",\"breadcrumb\":{\"@id\":\"https:\/\/makingmaterials.cmic.polimi.it\/il-team\/manuel-cariddi-alumnus\/#breadcrumb\"},\"inLanguage\":\"en-GB\",\"potentialAction\":[{\"@type\":\"ReadAction\",\"target\":[\"https:\/\/makingmaterials.cmic.polimi.it\/il-team\/manuel-cariddi-alumnus\/\"]}]},{\"@type\":\"ImageObject\",\"inLanguage\":\"en-GB\",\"@id\":\"https:\/\/makingmaterials.cmic.polimi.it\/il-team\/manuel-cariddi-alumnus\/#primaryimage\",\"url\":\"http:\/\/makingmaterials.cmic.polimi.it\/wp-content\/uploads\/2020\/12\/IMG-20150922-WA0004-manuel-cariddi-300x300.jpg\",\"contentUrl\":\"http:\/\/makingmaterials.cmic.polimi.it\/wp-content\/uploads\/2020\/12\/IMG-20150922-WA0004-manuel-cariddi-300x300.jpg\"},{\"@type\":\"BreadcrumbList\",\"@id\":\"https:\/\/makingmaterials.cmic.polimi.it\/il-team\/manuel-cariddi-alumnus\/#breadcrumb\",\"itemListElement\":[{\"@type\":\"ListItem\",\"position\":1,\"name\":\"Home\",\"item\":\"https:\/\/makingmaterials.cmic.polimi.it\/\"},{\"@type\":\"ListItem\",\"position\":2,\"name\":\"Team\",\"item\":\"https:\/\/makingmaterials.cmic.polimi.it\/il-team\/\"},{\"@type\":\"ListItem\",\"position\":3,\"name\":\"Manuel Cariddi\"}]},{\"@type\":\"WebSite\",\"@id\":\"https:\/\/makingmaterials.cmic.polimi.it\/#website\",\"url\":\"https:\/\/makingmaterials.cmic.polimi.it\/\",\"name\":\"Making Materials\",\"description\":\"Research - Politecnico di Milano\",\"publisher\":{\"@id\":\"https:\/\/makingmaterials.cmic.polimi.it\/#organization\"},\"potentialAction\":[{\"@type\":\"SearchAction\",\"target\":{\"@type\":\"EntryPoint\",\"urlTemplate\":\"https:\/\/makingmaterials.cmic.polimi.it\/?s={search_term_string}\"},\"query-input\":\"required name=search_term_string\"}],\"inLanguage\":\"en-GB\"},{\"@type\":\"Organization\",\"@id\":\"https:\/\/makingmaterials.cmic.polimi.it\/#organization\",\"name\":\"Making Materials\",\"url\":\"https:\/\/makingmaterials.cmic.polimi.it\/\",\"logo\":{\"@type\":\"ImageObject\",\"inLanguage\":\"en-GB\",\"@id\":\"https:\/\/makingmaterials.cmic.polimi.it\/#\/schema\/logo\/image\/\",\"url\":\"https:\/\/makingmaterials.cmic.polimi.it\/wp-content\/uploads\/2021\/10\/Senza-titolo.png\",\"contentUrl\":\"https:\/\/makingmaterials.cmic.polimi.it\/wp-content\/uploads\/2021\/10\/Senza-titolo.png\",\"width\":248,\"height\":248,\"caption\":\"Making Materials\"},\"image\":{\"@id\":\"https:\/\/makingmaterials.cmic.polimi.it\/#\/schema\/logo\/image\/\"},\"sameAs\":[\"https:\/\/www.instagram.com\/making_materials\/\"]}]}<\/script>\n<!-- \/ Yoast SEO plugin. -->","yoast_head_json":{"title":"Manuel Cariddi - Making Materials","robots":{"index":"index","follow":"follow","max-snippet":"max-snippet:-1","max-image-preview":"max-image-preview:large","max-video-preview":"max-video-preview:-1"},"canonical":"https:\/\/makingmaterials.cmic.polimi.it\/en\/il-team\/manuel-cariddi-alumnus\/","og_locale":"en_GB","og_type":"article","og_title":"Manuel Cariddi - Making Materials","og_description":"Manuel Cariddi Your pizza box. Sistema innovativo di gestione degli ordini di food delivery delle pizzerie: riconoscimento della pizza, packaging ed esperienza del cliente Questa Tesi di ricerca nasce dalla volont\u00e0 di investigare a fondo uno dei fenomeni pi\u00f9 attuali della societ\u00e0 di oggi: il food delivery, in modo tale da poter sviluppare un sistema-prodotto [&hellip;]","og_url":"https:\/\/makingmaterials.cmic.polimi.it\/en\/il-team\/manuel-cariddi-alumnus\/","og_site_name":"Making Materials","article_modified_time":"2020-12-27T15:13:37+00:00","og_image":[{"url":"http:\/\/makingmaterials.cmic.polimi.it\/wp-content\/uploads\/2020\/12\/IMG-20150922-WA0004-manuel-cariddi-300x300.jpg"}],"twitter_card":"summary_large_image","twitter_misc":{"Estimated reading time":"1 minute"},"schema":{"@context":"https:\/\/schema.org","@graph":[{"@type":"WebPage","@id":"https:\/\/makingmaterials.cmic.polimi.it\/il-team\/manuel-cariddi-alumnus\/","url":"https:\/\/makingmaterials.cmic.polimi.it\/il-team\/manuel-cariddi-alumnus\/","name":"Manuel Cariddi - Making Materials","isPartOf":{"@id":"https:\/\/makingmaterials.cmic.polimi.it\/#website"},"primaryImageOfPage":{"@id":"https:\/\/makingmaterials.cmic.polimi.it\/il-team\/manuel-cariddi-alumnus\/#primaryimage"},"image":{"@id":"https:\/\/makingmaterials.cmic.polimi.it\/il-team\/manuel-cariddi-alumnus\/#primaryimage"},"thumbnailUrl":"http:\/\/makingmaterials.cmic.polimi.it\/wp-content\/uploads\/2020\/12\/IMG-20150922-WA0004-manuel-cariddi-300x300.jpg","datePublished":"2020-12-20T14:24:10+00:00","dateModified":"2020-12-27T15:13:37+00:00","breadcrumb":{"@id":"https:\/\/makingmaterials.cmic.polimi.it\/il-team\/manuel-cariddi-alumnus\/#breadcrumb"},"inLanguage":"en-GB","potentialAction":[{"@type":"ReadAction","target":["https:\/\/makingmaterials.cmic.polimi.it\/il-team\/manuel-cariddi-alumnus\/"]}]},{"@type":"ImageObject","inLanguage":"en-GB","@id":"https:\/\/makingmaterials.cmic.polimi.it\/il-team\/manuel-cariddi-alumnus\/#primaryimage","url":"http:\/\/makingmaterials.cmic.polimi.it\/wp-content\/uploads\/2020\/12\/IMG-20150922-WA0004-manuel-cariddi-300x300.jpg","contentUrl":"http:\/\/makingmaterials.cmic.polimi.it\/wp-content\/uploads\/2020\/12\/IMG-20150922-WA0004-manuel-cariddi-300x300.jpg"},{"@type":"BreadcrumbList","@id":"https:\/\/makingmaterials.cmic.polimi.it\/il-team\/manuel-cariddi-alumnus\/#breadcrumb","itemListElement":[{"@type":"ListItem","position":1,"name":"Home","item":"https:\/\/makingmaterials.cmic.polimi.it\/"},{"@type":"ListItem","position":2,"name":"Team","item":"https:\/\/makingmaterials.cmic.polimi.it\/il-team\/"},{"@type":"ListItem","position":3,"name":"Manuel Cariddi"}]},{"@type":"WebSite","@id":"https:\/\/makingmaterials.cmic.polimi.it\/#website","url":"https:\/\/makingmaterials.cmic.polimi.it\/","name":"Making Materials","description":"Research - Politecnico di Milano","publisher":{"@id":"https:\/\/makingmaterials.cmic.polimi.it\/#organization"},"potentialAction":[{"@type":"SearchAction","target":{"@type":"EntryPoint","urlTemplate":"https:\/\/makingmaterials.cmic.polimi.it\/?s={search_term_string}"},"query-input":"required name=search_term_string"}],"inLanguage":"en-GB"},{"@type":"Organization","@id":"https:\/\/makingmaterials.cmic.polimi.it\/#organization","name":"Making Materials","url":"https:\/\/makingmaterials.cmic.polimi.it\/","logo":{"@type":"ImageObject","inLanguage":"en-GB","@id":"https:\/\/makingmaterials.cmic.polimi.it\/#\/schema\/logo\/image\/","url":"https:\/\/makingmaterials.cmic.polimi.it\/wp-content\/uploads\/2021\/10\/Senza-titolo.png","contentUrl":"https:\/\/makingmaterials.cmic.polimi.it\/wp-content\/uploads\/2021\/10\/Senza-titolo.png","width":248,"height":248,"caption":"Making Materials"},"image":{"@id":"https:\/\/makingmaterials.cmic.polimi.it\/#\/schema\/logo\/image\/"},"sameAs":["https:\/\/www.instagram.com\/making_materials\/"]}]}},"_links":{"self":[{"href":"https:\/\/makingmaterials.cmic.polimi.it\/en\/wp-json\/wp\/v2\/pages\/1476"}],"collection":[{"href":"https:\/\/makingmaterials.cmic.polimi.it\/en\/wp-json\/wp\/v2\/pages"}],"about":[{"href":"https:\/\/makingmaterials.cmic.polimi.it\/en\/wp-json\/wp\/v2\/types\/page"}],"author":[{"embeddable":true,"href":"https:\/\/makingmaterials.cmic.polimi.it\/en\/wp-json\/wp\/v2\/users\/2"}],"replies":[{"embeddable":true,"href":"https:\/\/makingmaterials.cmic.polimi.it\/en\/wp-json\/wp\/v2\/comments?post=1476"}],"version-history":[{"count":8,"href":"https:\/\/makingmaterials.cmic.polimi.it\/en\/wp-json\/wp\/v2\/pages\/1476\/revisions"}],"predecessor-version":[{"id":1700,"href":"https:\/\/makingmaterials.cmic.polimi.it\/en\/wp-json\/wp\/v2\/pages\/1476\/revisions\/1700"}],"up":[{"embeddable":true,"href":"https:\/\/makingmaterials.cmic.polimi.it\/en\/wp-json\/wp\/v2\/pages\/288"}],"wp:attachment":[{"href":"https:\/\/makingmaterials.cmic.polimi.it\/en\/wp-json\/wp\/v2\/media?parent=1476"}],"curies":[{"name":"wp","href":"https:\/\/api.w.org\/{rel}","templated":true}]}}