{"id":2043,"date":"2021-02-24T14:00:57","date_gmt":"2021-02-24T14:00:57","guid":{"rendered":"http:\/\/makingmaterials.cmic.polimi.it\/?page_id=2043"},"modified":"2021-03-04T09:36:26","modified_gmt":"2021-03-04T09:36:26","slug":"elena-salot-alumnus","status":"publish","type":"page","link":"https:\/\/makingmaterials.cmic.polimi.it\/en\/il-team\/elena-salot-alumnus\/","title":{"rendered":"Elena Salot"},"content":{"rendered":"<div data-elementor-type=\"wp-page\" data-elementor-id=\"2043\" class=\"elementor elementor-2043\">\n\t\t\t\t\t\t\t\t\t<section class=\"elementor-section elementor-top-section elementor-element elementor-element-79cff1e2 elementor-section-boxed elementor-section-height-default elementor-section-height-default\" data-id=\"79cff1e2\" data-element_type=\"section\">\n\t\t\t\t\t\t<div class=\"elementor-container elementor-column-gap-default\">\n\t\t\t\t\t<div class=\"elementor-column elementor-col-100 elementor-top-column elementor-element elementor-element-64b09fc7\" data-id=\"64b09fc7\" data-element_type=\"column\">\n\t\t\t<div class=\"elementor-widget-wrap elementor-element-populated\">\n\t\t\t\t\t\t\t\t<section class=\"elementor-section elementor-inner-section elementor-element elementor-element-6f07e41e elementor-section-boxed elementor-section-height-default elementor-section-height-default\" data-id=\"6f07e41e\" data-element_type=\"section\">\n\t\t\t\t\t\t<div class=\"elementor-container elementor-column-gap-default\">\n\t\t\t\t\t<div class=\"elementor-column elementor-col-33 elementor-inner-column elementor-element elementor-element-25b85911\" data-id=\"25b85911\" data-element_type=\"column\">\n\t\t\t<div class=\"elementor-widget-wrap elementor-element-populated\">\n\t\t\t\t\t\t\t\t<div class=\"elementor-element elementor-element-22ce7525 elementor-widget elementor-widget-heading\" data-id=\"22ce7525\" data-element_type=\"widget\" data-widget_type=\"heading.default\">\n\t\t\t\t<div class=\"elementor-widget-container\">\n\t\t\t<h2 class=\"elementor-heading-title elementor-size-default\">elena salot<\/h2>\t\t<\/div>\n\t\t\t\t<\/div>\n\t\t\t\t\t<\/div>\n\t\t<\/div>\n\t\t\t\t<div class=\"elementor-column elementor-col-66 elementor-inner-column elementor-element elementor-element-22bc2625\" data-id=\"22bc2625\" data-element_type=\"column\">\n\t\t\t<div class=\"elementor-widget-wrap\">\n\t\t\t\t\t\t\t\t\t<\/div>\n\t\t<\/div>\n\t\t\t\t\t\t\t<\/div>\n\t\t<\/section>\n\t\t\t\t<section class=\"elementor-section elementor-inner-section elementor-element elementor-element-128dedc elementor-section-boxed elementor-section-height-default elementor-section-height-default\" data-id=\"128dedc\" data-element_type=\"section\">\n\t\t\t\t\t\t<div class=\"elementor-container elementor-column-gap-default\">\n\t\t\t\t\t<div class=\"elementor-column elementor-col-33 elementor-inner-column elementor-element elementor-element-2fc8c8a0\" data-id=\"2fc8c8a0\" data-element_type=\"column\">\n\t\t\t<div class=\"elementor-widget-wrap elementor-element-populated\">\n\t\t\t\t\t\t\t\t<div class=\"elementor-element elementor-element-146afd4c elementor-widget elementor-widget-image\" data-id=\"146afd4c\" data-element_type=\"widget\" data-widget_type=\"image.default\">\n\t\t\t\t<div class=\"elementor-widget-container\">\n\t\t\t\t\t\t\t\t\t\t\t\t\t\t\t<img fetchpriority=\"high\" decoding=\"async\" width=\"300\" height=\"300\" src=\"https:\/\/makingmaterials.cmic.polimi.it\/wp-content\/uploads\/2021\/02\/00-Elena-salot-300x300.jpg\" class=\"attachment-medium size-medium wp-image-2052\" alt=\"\" srcset=\"https:\/\/makingmaterials.cmic.polimi.it\/wp-content\/uploads\/2021\/02\/00-Elena-salot-300x300.jpg 300w, https:\/\/makingmaterials.cmic.polimi.it\/wp-content\/uploads\/2021\/02\/00-Elena-salot-1024x1024.jpg 1024w, https:\/\/makingmaterials.cmic.polimi.it\/wp-content\/uploads\/2021\/02\/00-Elena-salot-150x150.jpg 150w, https:\/\/makingmaterials.cmic.polimi.it\/wp-content\/uploads\/2021\/02\/00-Elena-salot-768x768.jpg 768w, https:\/\/makingmaterials.cmic.polimi.it\/wp-content\/uploads\/2021\/02\/00-Elena-salot-12x12.jpg 12w, https:\/\/makingmaterials.cmic.polimi.it\/wp-content\/uploads\/2021\/02\/00-Elena-salot.jpg 1500w\" sizes=\"(max-width: 300px) 100vw, 300px\" \/>\t\t\t\t\t\t\t\t\t\t\t\t\t\t\t<\/div>\n\t\t\t\t<\/div>\n\t\t\t\t\t<\/div>\n\t\t<\/div>\n\t\t\t\t<div class=\"elementor-column elementor-col-66 elementor-inner-column elementor-element elementor-element-42c0ff8a\" data-id=\"42c0ff8a\" data-element_type=\"column\">\n\t\t\t<div class=\"elementor-widget-wrap elementor-element-populated\">\n\t\t\t\t\t\t\t\t<div class=\"elementor-element elementor-element-6d53b993 elementor-widget elementor-widget-heading\" data-id=\"6d53b993\" data-element_type=\"widget\" data-widget_type=\"heading.default\">\n\t\t\t\t<div class=\"elementor-widget-container\">\n\t\t\t<h2 class=\"elementor-heading-title elementor-size-default\">The Future of Interiors: an exploration of sustainable material and practices<\/h2>\t\t<\/div>\n\t\t\t\t<\/div>\n\t\t\t\t<div class=\"elementor-element elementor-element-63e5709a elementor-widget elementor-widget-text-editor\" data-id=\"63e5709a\" data-element_type=\"widget\" data-widget_type=\"text-editor.default\">\n\t\t\t\t<div class=\"elementor-widget-container\">\n\t\t\t\t\t\t\t<p class=\"p1\">Today\u2019s growing population and consumption patterns are exceeding the environment threshold, diminishing the quality of the world in which we now live and threatening the well-being of future generations. However, it is still possible to slow down these ill-fated changes and also interiors designer can contribute to this mission by designing environmentally sustainable interiors.<\/p><p class=\"p1\">The dissertation explores the environmental sustainability of materials and products used in the practice of interior design and delineates strategies to develop environmentally sustainable interiors. This work aims to increase interior designers\u2019 awareness of sustainability, stressing the relevance of their choices, and underlining the necessity of shifting towards more responsible and innovative solutions.<\/p>\t\t\t\t\t\t<\/div>\n\t\t\t\t<\/div>\n\t\t\t\t\t<\/div>\n\t\t<\/div>\n\t\t\t\t\t\t\t<\/div>\n\t\t<\/section>\n\t\t\t\t\t<\/div>\n\t\t<\/div>\n\t\t\t\t\t\t\t<\/div>\n\t\t<\/section>\n\t\t\t\t<section class=\"elementor-section elementor-top-section elementor-element elementor-element-3823ec31 elementor-section-boxed elementor-section-height-default elementor-section-height-default\" data-id=\"3823ec31\" data-element_type=\"section\" data-settings=\"{&quot;background_background&quot;:&quot;classic&quot;}\">\n\t\t\t\t\t\t<div class=\"elementor-container elementor-column-gap-no\">\n\t\t\t\t\t<div class=\"elementor-column elementor-col-50 elementor-top-column elementor-element elementor-element-465afcaf\" data-id=\"465afcaf\" data-element_type=\"column\">\n\t\t\t<div class=\"elementor-widget-wrap elementor-element-populated\">\n\t\t\t\t\t\t\t\t<div class=\"elementor-element elementor-element-2b8dd8e6 elementor-widget elementor-widget-heading\" data-id=\"2b8dd8e6\" data-element_type=\"widget\" data-widget_type=\"heading.default\">\n\t\t\t\t<div class=\"elementor-widget-container\">\n\t\t\t<h2 class=\"elementor-heading-title elementor-size-default\">contacts<\/h2>\t\t<\/div>\n\t\t\t\t<\/div>\n\t\t\t\t<div class=\"elementor-element elementor-element-562e6b00 elementor-widget elementor-widget-text-editor\" data-id=\"562e6b00\" data-element_type=\"widget\" data-widget_type=\"text-editor.default\">\n\t\t\t\t<div class=\"elementor-widget-container\">\n\t\t\t\t\t\t\t<p><span style=\"font-weight: 400;\">POLITESI<\/span><\/p><p><a href=\"https:\/\/www.linkedin.com\/in\/elena-salot-38des\/\"><span style=\"font-weight: 400;\">Linkedin<\/span><\/a><\/p>\t\t\t\t\t\t<\/div>\n\t\t\t\t<\/div>\n\t\t\t\t\t<\/div>\n\t\t<\/div>\n\t\t\t\t<div class=\"elementor-column elementor-col-50 elementor-top-column elementor-element elementor-element-256c22f7\" data-id=\"256c22f7\" data-element_type=\"column\">\n\t\t\t<div class=\"elementor-widget-wrap elementor-element-populated\">\n\t\t\t\t\t\t\t\t<div class=\"elementor-element elementor-element-3447ba78 elementor-widget elementor-widget-heading\" data-id=\"3447ba78\" data-element_type=\"widget\" data-widget_type=\"heading.default\">\n\t\t\t\t<div class=\"elementor-widget-container\">\n\t\t\t<h2 class=\"elementor-heading-title elementor-size-default\">keywords<\/h2>\t\t<\/div>\n\t\t\t\t<\/div>\n\t\t\t\t<div class=\"elementor-element elementor-element-14ee80c0 elementor-widget elementor-widget-text-editor\" data-id=\"14ee80c0\" data-element_type=\"widget\" data-widget_type=\"text-editor.default\">\n\t\t\t\t<div class=\"elementor-widget-container\">\n\t\t\t\t\t\t\t<p>interior design<\/p><p>sustainable materials<\/p><p>R&#8217;s rule<\/p>\t\t\t\t\t\t<\/div>\n\t\t\t\t<\/div>\n\t\t\t\t\t<\/div>\n\t\t<\/div>\n\t\t\t\t\t\t\t<\/div>\n\t\t<\/section>\n\t\t\t\t<section class=\"elementor-section elementor-top-section elementor-element elementor-element-60fc8115 elementor-section-boxed elementor-section-height-default elementor-section-height-default\" data-id=\"60fc8115\" data-element_type=\"section\">\n\t\t\t\t\t\t<div class=\"elementor-container elementor-column-gap-default\">\n\t\t\t\t\t<div class=\"elementor-column elementor-col-33 elementor-top-column elementor-element elementor-element-196e556c\" data-id=\"196e556c\" data-element_type=\"column\">\n\t\t\t<div class=\"elementor-widget-wrap elementor-element-populated\">\n\t\t\t\t\t\t\t\t<div class=\"elementor-element elementor-element-5219e571 elementor-widget elementor-widget-image\" data-id=\"5219e571\" data-element_type=\"widget\" data-widget_type=\"image.default\">\n\t\t\t\t<div class=\"elementor-widget-container\">\n\t\t\t\t\t\t\t\t\t\t\t\t\t\t\t<img decoding=\"async\" width=\"768\" height=\"768\" src=\"https:\/\/makingmaterials.cmic.polimi.it\/wp-content\/uploads\/2021\/02\/01-Elena-salot-768x768.jpg\" class=\"attachment-medium_large size-medium_large wp-image-2051\" alt=\"\" srcset=\"https:\/\/makingmaterials.cmic.polimi.it\/wp-content\/uploads\/2021\/02\/01-Elena-salot-768x768.jpg 768w, https:\/\/makingmaterials.cmic.polimi.it\/wp-content\/uploads\/2021\/02\/01-Elena-salot-300x300.jpg 300w, https:\/\/makingmaterials.cmic.polimi.it\/wp-content\/uploads\/2021\/02\/01-Elena-salot-1024x1024.jpg 1024w, https:\/\/makingmaterials.cmic.polimi.it\/wp-content\/uploads\/2021\/02\/01-Elena-salot-150x150.jpg 150w, https:\/\/makingmaterials.cmic.polimi.it\/wp-content\/uploads\/2021\/02\/01-Elena-salot-12x12.jpg 12w, https:\/\/makingmaterials.cmic.polimi.it\/wp-content\/uploads\/2021\/02\/01-Elena-salot.jpg 1500w\" sizes=\"(max-width: 768px) 100vw, 768px\" \/>\t\t\t\t\t\t\t\t\t\t\t\t\t\t\t<\/div>\n\t\t\t\t<\/div>\n\t\t\t\t\t<\/div>\n\t\t<\/div>\n\t\t\t\t<div class=\"elementor-column elementor-col-33 elementor-top-column elementor-element elementor-element-6c75b371\" data-id=\"6c75b371\" data-element_type=\"column\">\n\t\t\t<div class=\"elementor-widget-wrap elementor-element-populated\">\n\t\t\t\t\t\t\t\t<div class=\"elementor-element elementor-element-218f08e9 elementor-widget elementor-widget-image\" data-id=\"218f08e9\" data-element_type=\"widget\" data-widget_type=\"image.default\">\n\t\t\t\t<div class=\"elementor-widget-container\">\n\t\t\t\t\t\t\t\t\t\t\t\t\t\t\t<img decoding=\"async\" width=\"768\" height=\"768\" src=\"https:\/\/makingmaterials.cmic.polimi.it\/wp-content\/uploads\/2021\/02\/02-Elena-salot-768x768.gif\" class=\"attachment-medium_large size-medium_large wp-image-2050\" alt=\"\" srcset=\"https:\/\/makingmaterials.cmic.polimi.it\/wp-content\/uploads\/2021\/02\/02-Elena-salot-768x768.gif 768w, https:\/\/makingmaterials.cmic.polimi.it\/wp-content\/uploads\/2021\/02\/02-Elena-salot-300x300.gif 300w, https:\/\/makingmaterials.cmic.polimi.it\/wp-content\/uploads\/2021\/02\/02-Elena-salot-1024x1024.gif 1024w, https:\/\/makingmaterials.cmic.polimi.it\/wp-content\/uploads\/2021\/02\/02-Elena-salot-150x150.gif 150w, https:\/\/makingmaterials.cmic.polimi.it\/wp-content\/uploads\/2021\/02\/02-Elena-salot-12x12.gif 12w\" sizes=\"(max-width: 768px) 100vw, 768px\" \/>\t\t\t\t\t\t\t\t\t\t\t\t\t\t\t<\/div>\n\t\t\t\t<\/div>\n\t\t\t\t\t<\/div>\n\t\t<\/div>\n\t\t\t\t<div class=\"elementor-column elementor-col-33 elementor-top-column elementor-element elementor-element-4357b043\" data-id=\"4357b043\" data-element_type=\"column\">\n\t\t\t<div class=\"elementor-widget-wrap elementor-element-populated\">\n\t\t\t\t\t\t\t\t<div class=\"elementor-element elementor-element-605c71f3 elementor-widget elementor-widget-image\" data-id=\"605c71f3\" data-element_type=\"widget\" data-widget_type=\"image.default\">\n\t\t\t\t<div class=\"elementor-widget-container\">\n\t\t\t\t\t\t\t\t\t\t\t\t\t\t\t<img loading=\"lazy\" decoding=\"async\" width=\"768\" height=\"768\" src=\"https:\/\/makingmaterials.cmic.polimi.it\/wp-content\/uploads\/2021\/02\/03-Elena-salot-768x768.jpg\" class=\"attachment-medium_large size-medium_large wp-image-2049\" alt=\"\" srcset=\"https:\/\/makingmaterials.cmic.polimi.it\/wp-content\/uploads\/2021\/02\/03-Elena-salot-768x768.jpg 768w, https:\/\/makingmaterials.cmic.polimi.it\/wp-content\/uploads\/2021\/02\/03-Elena-salot-300x300.jpg 300w, https:\/\/makingmaterials.cmic.polimi.it\/wp-content\/uploads\/2021\/02\/03-Elena-salot-1024x1024.jpg 1024w, https:\/\/makingmaterials.cmic.polimi.it\/wp-content\/uploads\/2021\/02\/03-Elena-salot-150x150.jpg 150w, https:\/\/makingmaterials.cmic.polimi.it\/wp-content\/uploads\/2021\/02\/03-Elena-salot-12x12.jpg 12w, https:\/\/makingmaterials.cmic.polimi.it\/wp-content\/uploads\/2021\/02\/03-Elena-salot.jpg 1500w\" sizes=\"(max-width: 768px) 100vw, 768px\" \/>\t\t\t\t\t\t\t\t\t\t\t\t\t\t\t<\/div>\n\t\t\t\t<\/div>\n\t\t\t\t\t<\/div>\n\t\t<\/div>\n\t\t\t\t\t\t\t<\/div>\n\t\t<\/section>\n\t\t\t\t\t\t\t<\/div>","protected":false},"excerpt":{"rendered":"<p>elena salot The Future of Interiors: an exploration of sustainable material and practices La popolazione e i modelli di consumo di oggi, in continua crescita, stanno superando la soglia ambientale, riducendo la qualit\u00e0 del mondo in cui viviamo e minacciando il benessere delle generazioni future. Tuttavia, \u00e8 ancora possibile rallentare questi cambiamenti e cos\u00ec, anche [&hellip;]<\/p>\n","protected":false},"author":2,"featured_media":0,"parent":288,"menu_order":0,"comment_status":"closed","ping_status":"closed","template":"","meta":{"_monsterinsights_skip_tracking":false,"_monsterinsights_sitenote_active":false,"_monsterinsights_sitenote_note":"","_monsterinsights_sitenote_category":0,"site-sidebar-layout":"no-sidebar","site-content-layout":"page-builder","ast-site-content-layout":"","site-content-style":"default","site-sidebar-style":"default","ast-global-header-display":"","ast-banner-title-visibility":"","ast-main-header-display":"","ast-hfb-above-header-display":"","ast-hfb-below-header-display":"","ast-hfb-mobile-header-display":"","site-post-title":"disabled","ast-breadcrumbs-content":"","ast-featured-img":"disabled","footer-sml-layout":"","theme-transparent-header-meta":"default","adv-header-id-meta":"","stick-header-meta":"","header-above-stick-meta":"","header-main-stick-meta":"","header-below-stick-meta":"","astra-migrate-meta-layouts":"default","ast-page-background-enabled":"default","ast-page-background-meta":{"desktop":{"background-color":"","background-image":"","background-repeat":"repeat","background-position":"center center","background-size":"auto","background-attachment":"scroll","background-type":"","background-media":"","overlay-type":"","overlay-color":"","overlay-gradient":""},"tablet":{"background-color":"","background-image":"","background-repeat":"repeat","background-position":"center center","background-size":"auto","background-attachment":"scroll","background-type":"","background-media":"","overlay-type":"","overlay-color":"","overlay-gradient":""},"mobile":{"background-color":"","background-image":"","background-repeat":"repeat","background-position":"center center","background-size":"auto","background-attachment":"scroll","background-type":"","background-media":"","overlay-type":"","overlay-color":"","overlay-gradient":""}},"ast-content-background-meta":{"desktop":{"background-color":"var(--ast-global-color-5)","background-image":"","background-repeat":"repeat","background-position":"center center","background-size":"auto","background-attachment":"scroll","background-type":"","background-media":"","overlay-type":"","overlay-color":"","overlay-gradient":""},"tablet":{"background-color":"var(--ast-global-color-5)","background-image":"","background-repeat":"repeat","background-position":"center center","background-size":"auto","background-attachment":"scroll","background-type":"","background-media":"","overlay-type":"","overlay-color":"","overlay-gradient":""},"mobile":{"background-color":"var(--ast-global-color-5)","background-image":"","background-repeat":"repeat","background-position":"center center","background-size":"auto","background-attachment":"scroll","background-type":"","background-media":"","overlay-type":"","overlay-color":"","overlay-gradient":""}},"footnotes":""},"yoast_head":"<!-- This site is optimized with the Yoast SEO plugin v23.3 - https:\/\/yoast.com\/wordpress\/plugins\/seo\/ -->\n<title>Elena Salot - Making Materials<\/title>\n<meta name=\"robots\" content=\"index, follow, max-snippet:-1, max-image-preview:large, max-video-preview:-1\" \/>\n<link rel=\"canonical\" href=\"https:\/\/makingmaterials.cmic.polimi.it\/en\/il-team\/elena-salot-alumnus\/\" \/>\n<meta property=\"og:locale\" content=\"en_GB\" \/>\n<meta property=\"og:type\" content=\"article\" \/>\n<meta property=\"og:title\" content=\"Elena Salot - Making Materials\" \/>\n<meta property=\"og:description\" content=\"elena salot The Future of Interiors: an exploration of sustainable material and practices La popolazione e i modelli di consumo di oggi, in continua crescita, stanno superando la soglia ambientale, riducendo la qualit\u00e0 del mondo in cui viviamo e minacciando il benessere delle generazioni future. Tuttavia, \u00e8 ancora possibile rallentare questi cambiamenti e cos\u00ec, anche [&hellip;]\" \/>\n<meta property=\"og:url\" content=\"https:\/\/makingmaterials.cmic.polimi.it\/en\/il-team\/elena-salot-alumnus\/\" \/>\n<meta property=\"og:site_name\" content=\"Making Materials\" \/>\n<meta property=\"article:modified_time\" content=\"2021-03-04T09:36:26+00:00\" \/>\n<meta property=\"og:image\" content=\"http:\/\/makingmaterials.cmic.polimi.it\/wp-content\/uploads\/2021\/02\/00-Elena-salot-300x300.jpg\" \/>\n<meta name=\"twitter:card\" content=\"summary_large_image\" \/>\n<meta name=\"twitter:label1\" content=\"Estimated reading time\" \/>\n\t<meta name=\"twitter:data1\" content=\"1 minute\" \/>\n<script type=\"application\/ld+json\" class=\"yoast-schema-graph\">{\"@context\":\"https:\/\/schema.org\",\"@graph\":[{\"@type\":\"WebPage\",\"@id\":\"https:\/\/makingmaterials.cmic.polimi.it\/il-team\/elena-salot-alumnus\/\",\"url\":\"https:\/\/makingmaterials.cmic.polimi.it\/il-team\/elena-salot-alumnus\/\",\"name\":\"Elena Salot - Making Materials\",\"isPartOf\":{\"@id\":\"https:\/\/makingmaterials.cmic.polimi.it\/#website\"},\"primaryImageOfPage\":{\"@id\":\"https:\/\/makingmaterials.cmic.polimi.it\/il-team\/elena-salot-alumnus\/#primaryimage\"},\"image\":{\"@id\":\"https:\/\/makingmaterials.cmic.polimi.it\/il-team\/elena-salot-alumnus\/#primaryimage\"},\"thumbnailUrl\":\"http:\/\/makingmaterials.cmic.polimi.it\/wp-content\/uploads\/2021\/02\/00-Elena-salot-300x300.jpg\",\"datePublished\":\"2021-02-24T14:00:57+00:00\",\"dateModified\":\"2021-03-04T09:36:26+00:00\",\"breadcrumb\":{\"@id\":\"https:\/\/makingmaterials.cmic.polimi.it\/il-team\/elena-salot-alumnus\/#breadcrumb\"},\"inLanguage\":\"en-GB\",\"potentialAction\":[{\"@type\":\"ReadAction\",\"target\":[\"https:\/\/makingmaterials.cmic.polimi.it\/il-team\/elena-salot-alumnus\/\"]}]},{\"@type\":\"ImageObject\",\"inLanguage\":\"en-GB\",\"@id\":\"https:\/\/makingmaterials.cmic.polimi.it\/il-team\/elena-salot-alumnus\/#primaryimage\",\"url\":\"http:\/\/makingmaterials.cmic.polimi.it\/wp-content\/uploads\/2021\/02\/00-Elena-salot-300x300.jpg\",\"contentUrl\":\"http:\/\/makingmaterials.cmic.polimi.it\/wp-content\/uploads\/2021\/02\/00-Elena-salot-300x300.jpg\"},{\"@type\":\"BreadcrumbList\",\"@id\":\"https:\/\/makingmaterials.cmic.polimi.it\/il-team\/elena-salot-alumnus\/#breadcrumb\",\"itemListElement\":[{\"@type\":\"ListItem\",\"position\":1,\"name\":\"Home\",\"item\":\"https:\/\/makingmaterials.cmic.polimi.it\/\"},{\"@type\":\"ListItem\",\"position\":2,\"name\":\"Team\",\"item\":\"https:\/\/makingmaterials.cmic.polimi.it\/il-team\/\"},{\"@type\":\"ListItem\",\"position\":3,\"name\":\"Elena Salot\"}]},{\"@type\":\"WebSite\",\"@id\":\"https:\/\/makingmaterials.cmic.polimi.it\/#website\",\"url\":\"https:\/\/makingmaterials.cmic.polimi.it\/\",\"name\":\"Making Materials\",\"description\":\"Research - Politecnico di Milano\",\"publisher\":{\"@id\":\"https:\/\/makingmaterials.cmic.polimi.it\/#organization\"},\"potentialAction\":[{\"@type\":\"SearchAction\",\"target\":{\"@type\":\"EntryPoint\",\"urlTemplate\":\"https:\/\/makingmaterials.cmic.polimi.it\/?s={search_term_string}\"},\"query-input\":\"required name=search_term_string\"}],\"inLanguage\":\"en-GB\"},{\"@type\":\"Organization\",\"@id\":\"https:\/\/makingmaterials.cmic.polimi.it\/#organization\",\"name\":\"Making Materials\",\"url\":\"https:\/\/makingmaterials.cmic.polimi.it\/\",\"logo\":{\"@type\":\"ImageObject\",\"inLanguage\":\"en-GB\",\"@id\":\"https:\/\/makingmaterials.cmic.polimi.it\/#\/schema\/logo\/image\/\",\"url\":\"https:\/\/makingmaterials.cmic.polimi.it\/wp-content\/uploads\/2021\/10\/Senza-titolo.png\",\"contentUrl\":\"https:\/\/makingmaterials.cmic.polimi.it\/wp-content\/uploads\/2021\/10\/Senza-titolo.png\",\"width\":248,\"height\":248,\"caption\":\"Making Materials\"},\"image\":{\"@id\":\"https:\/\/makingmaterials.cmic.polimi.it\/#\/schema\/logo\/image\/\"},\"sameAs\":[\"https:\/\/www.instagram.com\/making_materials\/\"]}]}<\/script>\n<!-- \/ Yoast SEO plugin. -->","yoast_head_json":{"title":"Elena Salot - Making Materials","robots":{"index":"index","follow":"follow","max-snippet":"max-snippet:-1","max-image-preview":"max-image-preview:large","max-video-preview":"max-video-preview:-1"},"canonical":"https:\/\/makingmaterials.cmic.polimi.it\/en\/il-team\/elena-salot-alumnus\/","og_locale":"en_GB","og_type":"article","og_title":"Elena Salot - Making Materials","og_description":"elena salot The Future of Interiors: an exploration of sustainable material and practices La popolazione e i modelli di consumo di oggi, in continua crescita, stanno superando la soglia ambientale, riducendo la qualit\u00e0 del mondo in cui viviamo e minacciando il benessere delle generazioni future. Tuttavia, \u00e8 ancora possibile rallentare questi cambiamenti e cos\u00ec, anche [&hellip;]","og_url":"https:\/\/makingmaterials.cmic.polimi.it\/en\/il-team\/elena-salot-alumnus\/","og_site_name":"Making Materials","article_modified_time":"2021-03-04T09:36:26+00:00","og_image":[{"url":"http:\/\/makingmaterials.cmic.polimi.it\/wp-content\/uploads\/2021\/02\/00-Elena-salot-300x300.jpg"}],"twitter_card":"summary_large_image","twitter_misc":{"Estimated reading time":"1 minute"},"schema":{"@context":"https:\/\/schema.org","@graph":[{"@type":"WebPage","@id":"https:\/\/makingmaterials.cmic.polimi.it\/il-team\/elena-salot-alumnus\/","url":"https:\/\/makingmaterials.cmic.polimi.it\/il-team\/elena-salot-alumnus\/","name":"Elena Salot - Making Materials","isPartOf":{"@id":"https:\/\/makingmaterials.cmic.polimi.it\/#website"},"primaryImageOfPage":{"@id":"https:\/\/makingmaterials.cmic.polimi.it\/il-team\/elena-salot-alumnus\/#primaryimage"},"image":{"@id":"https:\/\/makingmaterials.cmic.polimi.it\/il-team\/elena-salot-alumnus\/#primaryimage"},"thumbnailUrl":"http:\/\/makingmaterials.cmic.polimi.it\/wp-content\/uploads\/2021\/02\/00-Elena-salot-300x300.jpg","datePublished":"2021-02-24T14:00:57+00:00","dateModified":"2021-03-04T09:36:26+00:00","breadcrumb":{"@id":"https:\/\/makingmaterials.cmic.polimi.it\/il-team\/elena-salot-alumnus\/#breadcrumb"},"inLanguage":"en-GB","potentialAction":[{"@type":"ReadAction","target":["https:\/\/makingmaterials.cmic.polimi.it\/il-team\/elena-salot-alumnus\/"]}]},{"@type":"ImageObject","inLanguage":"en-GB","@id":"https:\/\/makingmaterials.cmic.polimi.it\/il-team\/elena-salot-alumnus\/#primaryimage","url":"http:\/\/makingmaterials.cmic.polimi.it\/wp-content\/uploads\/2021\/02\/00-Elena-salot-300x300.jpg","contentUrl":"http:\/\/makingmaterials.cmic.polimi.it\/wp-content\/uploads\/2021\/02\/00-Elena-salot-300x300.jpg"},{"@type":"BreadcrumbList","@id":"https:\/\/makingmaterials.cmic.polimi.it\/il-team\/elena-salot-alumnus\/#breadcrumb","itemListElement":[{"@type":"ListItem","position":1,"name":"Home","item":"https:\/\/makingmaterials.cmic.polimi.it\/"},{"@type":"ListItem","position":2,"name":"Team","item":"https:\/\/makingmaterials.cmic.polimi.it\/il-team\/"},{"@type":"ListItem","position":3,"name":"Elena Salot"}]},{"@type":"WebSite","@id":"https:\/\/makingmaterials.cmic.polimi.it\/#website","url":"https:\/\/makingmaterials.cmic.polimi.it\/","name":"Making Materials","description":"Research - Politecnico di Milano","publisher":{"@id":"https:\/\/makingmaterials.cmic.polimi.it\/#organization"},"potentialAction":[{"@type":"SearchAction","target":{"@type":"EntryPoint","urlTemplate":"https:\/\/makingmaterials.cmic.polimi.it\/?s={search_term_string}"},"query-input":"required name=search_term_string"}],"inLanguage":"en-GB"},{"@type":"Organization","@id":"https:\/\/makingmaterials.cmic.polimi.it\/#organization","name":"Making Materials","url":"https:\/\/makingmaterials.cmic.polimi.it\/","logo":{"@type":"ImageObject","inLanguage":"en-GB","@id":"https:\/\/makingmaterials.cmic.polimi.it\/#\/schema\/logo\/image\/","url":"https:\/\/makingmaterials.cmic.polimi.it\/wp-content\/uploads\/2021\/10\/Senza-titolo.png","contentUrl":"https:\/\/makingmaterials.cmic.polimi.it\/wp-content\/uploads\/2021\/10\/Senza-titolo.png","width":248,"height":248,"caption":"Making Materials"},"image":{"@id":"https:\/\/makingmaterials.cmic.polimi.it\/#\/schema\/logo\/image\/"},"sameAs":["https:\/\/www.instagram.com\/making_materials\/"]}]}},"_links":{"self":[{"href":"https:\/\/makingmaterials.cmic.polimi.it\/en\/wp-json\/wp\/v2\/pages\/2043"}],"collection":[{"href":"https:\/\/makingmaterials.cmic.polimi.it\/en\/wp-json\/wp\/v2\/pages"}],"about":[{"href":"https:\/\/makingmaterials.cmic.polimi.it\/en\/wp-json\/wp\/v2\/types\/page"}],"author":[{"embeddable":true,"href":"https:\/\/makingmaterials.cmic.polimi.it\/en\/wp-json\/wp\/v2\/users\/2"}],"replies":[{"embeddable":true,"href":"https:\/\/makingmaterials.cmic.polimi.it\/en\/wp-json\/wp\/v2\/comments?post=2043"}],"version-history":[{"count":17,"href":"https:\/\/makingmaterials.cmic.polimi.it\/en\/wp-json\/wp\/v2\/pages\/2043\/revisions"}],"predecessor-version":[{"id":2079,"href":"https:\/\/makingmaterials.cmic.polimi.it\/en\/wp-json\/wp\/v2\/pages\/2043\/revisions\/2079"}],"up":[{"embeddable":true,"href":"https:\/\/makingmaterials.cmic.polimi.it\/en\/wp-json\/wp\/v2\/pages\/288"}],"wp:attachment":[{"href":"https:\/\/makingmaterials.cmic.polimi.it\/en\/wp-json\/wp\/v2\/media?parent=2043"}],"curies":[{"name":"wp","href":"https:\/\/api.w.org\/{rel}","templated":true}]}}