{"id":372,"date":"2020-10-12T14:03:54","date_gmt":"2020-10-12T14:03:54","guid":{"rendered":"http:\/\/makingmaterials.cmic.polimi.it\/?page_id=372"},"modified":"2021-02-02T11:27:36","modified_gmt":"2021-02-02T11:27:36","slug":"travel","status":"publish","type":"page","link":"https:\/\/makingmaterials.cmic.polimi.it\/en\/progetti\/travel\/","title":{"rendered":"TRAVEL"},"content":{"rendered":"<div data-elementor-type=\"wp-page\" data-elementor-id=\"372\" class=\"elementor elementor-372\">\n\t\t\t\t\t\t\t\t\t<section class=\"elementor-section elementor-top-section elementor-element elementor-element-0d6bbe6 elementor-section-boxed elementor-section-height-default elementor-section-height-default\" data-id=\"0d6bbe6\" data-element_type=\"section\">\n\t\t\t\t\t\t<div class=\"elementor-container elementor-column-gap-default\">\n\t\t\t\t\t<div class=\"elementor-column elementor-col-100 elementor-top-column elementor-element elementor-element-17ac0ac\" data-id=\"17ac0ac\" data-element_type=\"column\">\n\t\t\t<div class=\"elementor-widget-wrap\">\n\t\t\t\t\t\t\t\t\t<\/div>\n\t\t<\/div>\n\t\t\t\t\t\t\t<\/div>\n\t\t<\/section>\n\t\t\t\t<section class=\"elementor-section elementor-top-section elementor-element elementor-element-234f266f elementor-section-height-min-height elementor-section-boxed elementor-section-height-default elementor-section-items-middle\" data-id=\"234f266f\" data-element_type=\"section\">\n\t\t\t\t\t\t<div class=\"elementor-container elementor-column-gap-default\">\n\t\t\t\t\t<div class=\"elementor-column elementor-col-100 elementor-top-column elementor-element elementor-element-206b933b\" data-id=\"206b933b\" data-element_type=\"column\">\n\t\t\t<div class=\"elementor-widget-wrap elementor-element-populated\">\n\t\t\t\t\t\t\t\t<div class=\"elementor-element elementor-element-505ff818 elementor-widget elementor-widget-heading\" data-id=\"505ff818\" data-element_type=\"widget\" data-widget_type=\"heading.default\">\n\t\t\t\t<div class=\"elementor-widget-container\">\n\t\t\t<h2 class=\"elementor-heading-title elementor-size-default\">travel: composite materials, polymers for thermoforming and nanostructured treatments for the performance innovation of the camper product <\/h2>\t\t<\/div>\n\t\t\t\t<\/div>\n\t\t\t\t<div class=\"elementor-element elementor-element-3a6261c1 elementor-widget elementor-widget-text-editor\" data-id=\"3a6261c1\" data-element_type=\"widget\" data-widget_type=\"text-editor.default\">\n\t\t\t\t<div class=\"elementor-widget-container\">\n\t\t\t\t\t\t\t<p><span style=\"font-weight: 400;\">TRAVEL is a project co-financed by the Tuscany region aimed at a dual objective: to lighten and provide innovative properties (water repellency, self-cleaning, antibacterial and wear resistance) to motor vehicles.<\/span><\/p><p><span style=\"font-weight: 400;\">The first objective is achieved thanks to expanded polymeric matrix composites that were eventually nano-loaded or fiber-reinforced with natural fibers, resulting in the reduction of CO<\/span><span style=\"font-weight: 400;\">2<\/span><span style=\"font-weight: 400;\"> emissions of the vehicle. The second instead uses titanium oxide-based coating treatments on external panels or fabrics in internal coatings, resulting in greater performance and functionality.<\/span><\/p><p><span style=\"font-weight: 400;\">The activity involved the study of industrial application methodologies of functionalizing coatings and their testing against pollutants and atmospheric agents, in order to demonstrate the effective effectiveness of the coating.<\/span><\/p>\t\t\t\t\t\t<\/div>\n\t\t\t\t<\/div>\n\t\t\t\t\t<\/div>\n\t\t<\/div>\n\t\t\t\t\t\t\t<\/div>\n\t\t<\/section>\n\t\t\t\t<section class=\"elementor-section elementor-top-section elementor-element elementor-element-c59d493 elementor-section-boxed elementor-section-height-default elementor-section-height-default\" data-id=\"c59d493\" data-element_type=\"section\">\n\t\t\t\t\t\t<div class=\"elementor-container elementor-column-gap-default\">\n\t\t\t\t\t<div class=\"elementor-column elementor-col-50 elementor-top-column elementor-element elementor-element-5a75a8f8\" data-id=\"5a75a8f8\" data-element_type=\"column\">\n\t\t\t<div class=\"elementor-widget-wrap elementor-element-populated\">\n\t\t\t\t\t\t\t\t<div class=\"elementor-element elementor-element-4e3ce879 elementor-align-center elementor-widget elementor-widget-button\" data-id=\"4e3ce879\" data-element_type=\"widget\" data-widget_type=\"button.default\">\n\t\t\t\t<div class=\"elementor-widget-container\">\n\t\t\t\t\t<div class=\"elementor-button-wrapper\">\n\t\t\t<a class=\"elementor-button elementor-button-link elementor-size-sm\" href=\"https:\/\/www.instm.it\/\" target=\"_blank\">\n\t\t\t\t\t\t<span class=\"elementor-button-content-wrapper\">\n\t\t\t\t\t\t<span class=\"elementor-button-text\">INSTM<\/span>\n\t\t<\/span>\n\t\t\t\t\t<\/a>\n\t\t<\/div>\n\t\t\t\t<\/div>\n\t\t\t\t<\/div>\n\t\t\t\t\t<\/div>\n\t\t<\/div>\n\t\t\t\t<div class=\"elementor-column elementor-col-50 elementor-top-column elementor-element elementor-element-7660fb48\" data-id=\"7660fb48\" data-element_type=\"column\">\n\t\t\t<div class=\"elementor-widget-wrap elementor-element-populated\">\n\t\t\t\t\t\t\t\t<div class=\"elementor-element elementor-element-1ac1ee61 elementor-align-center elementor-widget elementor-widget-button\" data-id=\"1ac1ee61\" data-element_type=\"widget\" data-widget_type=\"button.default\">\n\t\t\t\t<div class=\"elementor-widget-container\">\n\t\t\t\t\t<div class=\"elementor-button-wrapper\">\n\t\t\t<a class=\"elementor-button elementor-button-link elementor-size-sm\" href=\"https:\/\/www.instm.it\/public\/02\/17\/POSTER%20A3%20TRAVEL.PDF\" target=\"_blank\">\n\t\t\t\t\t\t<span class=\"elementor-button-content-wrapper\">\n\t\t\t\t\t\t<span class=\"elementor-button-text\">Poster<\/span>\n\t\t<\/span>\n\t\t\t\t\t<\/a>\n\t\t<\/div>\n\t\t\t\t<\/div>\n\t\t\t\t<\/div>\n\t\t\t\t\t<\/div>\n\t\t<\/div>\n\t\t\t\t\t\t\t<\/div>\n\t\t<\/section>\n\t\t\t\t<section class=\"elementor-section elementor-top-section elementor-element elementor-element-40da787 elementor-section-boxed elementor-section-height-default elementor-section-height-default\" data-id=\"40da787\" data-element_type=\"section\">\n\t\t\t\t\t\t<div class=\"elementor-container elementor-column-gap-default\">\n\t\t\t\t\t<div class=\"elementor-column elementor-col-100 elementor-top-column elementor-element elementor-element-402f350d\" data-id=\"402f350d\" data-element_type=\"column\">\n\t\t\t<div class=\"elementor-widget-wrap elementor-element-populated\">\n\t\t\t\t\t\t\t\t<div class=\"elementor-element elementor-element-2c01bee5 elementor-pagination-position-outside elementor-invisible elementor-widget elementor-widget-image-carousel\" data-id=\"2c01bee5\" data-element_type=\"widget\" data-settings=\"{&quot;slides_to_show&quot;:&quot;1&quot;,&quot;navigation&quot;:&quot;dots&quot;,&quot;_animation&quot;:&quot;fadeInRight&quot;,&quot;_animation_delay&quot;:0,&quot;autoplay&quot;:&quot;yes&quot;,&quot;pause_on_hover&quot;:&quot;yes&quot;,&quot;pause_on_interaction&quot;:&quot;yes&quot;,&quot;autoplay_speed&quot;:5000,&quot;infinite&quot;:&quot;yes&quot;,&quot;effect&quot;:&quot;slide&quot;,&quot;speed&quot;:500}\" data-widget_type=\"image-carousel.default\">\n\t\t\t\t<div class=\"elementor-widget-container\">\n\t\t\t\t\t<div class=\"elementor-image-carousel-wrapper swiper-container\" dir=\"ltr\">\n\t\t\t<div class=\"elementor-image-carousel swiper-wrapper\" aria-live=\"off\">\n\t\t\t\t\t\t\t\t<div class=\"swiper-slide\" role=\"group\" aria-roledescription=\"slide\" aria-label=\"1 of 3\"><figure class=\"swiper-slide-inner\"><img decoding=\"async\" class=\"swiper-slide-image\" src=\"https:\/\/makingmaterials.cmic.polimi.it\/wp-content\/uploads\/2021\/01\/Travel-4-3-2-768x512.jpg\" alt=\"Travel 4 3-2\" \/><\/figure><\/div><div class=\"swiper-slide\" role=\"group\" aria-roledescription=\"slide\" aria-label=\"2 of 3\"><figure class=\"swiper-slide-inner\"><img decoding=\"async\" class=\"swiper-slide-image\" src=\"https:\/\/makingmaterials.cmic.polimi.it\/wp-content\/uploads\/2021\/01\/Travel_2b-3-2-768x512.jpg\" alt=\"Travel_2b 3-2\" \/><\/figure><\/div><div class=\"swiper-slide\" role=\"group\" aria-roledescription=\"slide\" aria-label=\"3 of 3\"><figure class=\"swiper-slide-inner\"><img decoding=\"async\" class=\"swiper-slide-image\" src=\"https:\/\/makingmaterials.cmic.polimi.it\/wp-content\/uploads\/2021\/01\/travel_1-3-2-768x512.jpg\" alt=\"travel_1 3-2\" \/><\/figure><\/div>\t\t\t<\/div>\n\t\t\t\t\t\t\t\n\t\t\t\t\t\t\t\t\t<div class=\"swiper-pagination\"><\/div>\n\t\t\t\t\t\t\t\t\t<\/div>\n\t\t\t\t<\/div>\n\t\t\t\t<\/div>\n\t\t\t\t\t<\/div>\n\t\t<\/div>\n\t\t\t\t\t\t\t<\/div>\n\t\t<\/section>\n\t\t\t\t<section class=\"elementor-section elementor-top-section elementor-element elementor-element-3818d307 elementor-section-boxed elementor-section-height-default elementor-section-height-default\" data-id=\"3818d307\" data-element_type=\"section\" data-settings=\"{&quot;background_background&quot;:&quot;classic&quot;}\">\n\t\t\t\t\t\t<div class=\"elementor-container elementor-column-gap-no\">\n\t\t\t\t\t<div class=\"elementor-column elementor-col-33 elementor-top-column elementor-element elementor-element-21b92df3\" data-id=\"21b92df3\" data-element_type=\"column\">\n\t\t\t<div class=\"elementor-widget-wrap elementor-element-populated\">\n\t\t\t\t\t\t\t\t<div class=\"elementor-element elementor-element-68cd1de8 elementor-widget elementor-widget-heading\" data-id=\"68cd1de8\" data-element_type=\"widget\" data-widget_type=\"heading.default\">\n\t\t\t\t<div class=\"elementor-widget-container\">\n\t\t\t<h2 class=\"elementor-heading-title elementor-size-default\">financed by<\/h2>\t\t<\/div>\n\t\t\t\t<\/div>\n\t\t\t\t<div class=\"elementor-element elementor-element-6ca90d35 elementor-widget elementor-widget-text-editor\" data-id=\"6ca90d35\" data-element_type=\"widget\" data-widget_type=\"text-editor.default\">\n\t\t\t\t<div class=\"elementor-widget-container\">\n\t\t\t\t\t\t\t<p><span style=\"font-weight: 400;\">Sviluppo Toscana s.p.a. <br \/>(Bando POR FESR 2014-2020)<\/span><\/p>\t\t\t\t\t\t<\/div>\n\t\t\t\t<\/div>\n\t\t\t\t\t<\/div>\n\t\t<\/div>\n\t\t\t\t<div class=\"elementor-column elementor-col-33 elementor-top-column elementor-element elementor-element-288a35c1\" data-id=\"288a35c1\" data-element_type=\"column\">\n\t\t\t<div class=\"elementor-widget-wrap elementor-element-populated\">\n\t\t\t\t\t\t\t\t<div class=\"elementor-element elementor-element-126829aa elementor-widget elementor-widget-heading\" data-id=\"126829aa\" data-element_type=\"widget\" data-widget_type=\"heading.default\">\n\t\t\t\t<div class=\"elementor-widget-container\">\n\t\t\t<h2 class=\"elementor-heading-title elementor-size-default\">team<\/h2>\t\t<\/div>\n\t\t\t\t<\/div>\n\t\t\t\t<div class=\"elementor-element elementor-element-169ee2cc elementor-widget elementor-widget-text-editor\" data-id=\"169ee2cc\" data-element_type=\"widget\" data-widget_type=\"text-editor.default\">\n\t\t\t\t<div class=\"elementor-widget-container\">\n\t\t\t\t\t\t\t<p>S.E.A Societ\u00e0 Europea Autocaravan s.p.a.<br \/><span style=\"font-size: 16px;\">APUARREDA s.r.l.<br \/>FIDERTESSILE s.p.a.<br \/>INSTM<br \/>SOLERA-THERMOFORM GROUP s.p.a.<\/span><\/p>\t\t\t\t\t\t<\/div>\n\t\t\t\t<\/div>\n\t\t\t\t\t<\/div>\n\t\t<\/div>\n\t\t\t\t<div class=\"elementor-column elementor-col-33 elementor-top-column elementor-element elementor-element-6bbca998\" data-id=\"6bbca998\" data-element_type=\"column\">\n\t\t\t<div class=\"elementor-widget-wrap elementor-element-populated\">\n\t\t\t\t\t\t\t\t<div class=\"elementor-element elementor-element-76a96b11 elementor-widget elementor-widget-heading\" data-id=\"76a96b11\" data-element_type=\"widget\" data-widget_type=\"heading.default\">\n\t\t\t\t<div class=\"elementor-widget-container\">\n\t\t\t<h2 class=\"elementor-heading-title elementor-size-default\">period<\/h2>\t\t<\/div>\n\t\t\t\t<\/div>\n\t\t\t\t<div class=\"elementor-element elementor-element-6689787c elementor-widget elementor-widget-text-editor\" data-id=\"6689787c\" data-element_type=\"widget\" data-widget_type=\"text-editor.default\">\n\t\t\t\t<div class=\"elementor-widget-container\">\n\t\t\t\t\t\t\t<p><span style=\"font-weight: 400;\">2014 &#8211; 2020<\/span><\/p>\t\t\t\t\t\t<\/div>\n\t\t\t\t<\/div>\n\t\t\t\t\t<\/div>\n\t\t<\/div>\n\t\t\t\t\t\t\t<\/div>\n\t\t<\/section>\n\t\t\t\t\t\t\t<\/div>","protected":false},"excerpt":{"rendered":"<p>TRAVEL: MaTeriali compositi, polimeri per termoformatura e tRAttamenti nanostrutturati per l&#8217;innoVazione prEstazionale deL prodotto camper TRAVEL \u00e8 un progetto cofinanziato dalla regione Toscana finalizzato ad un duplice obiettivo: alleggerire e fornire propriet\u00e0 innovative (idrorepellenza, autopulizia, antibattericit\u00e0 e resistenza da usura) ad autoveicoli. Il primo obiettivo viene raggiunto grazie a compositi a matrice polimerica espansi e [&hellip;]<\/p>\n","protected":false},"author":2,"featured_media":0,"parent":458,"menu_order":0,"comment_status":"closed","ping_status":"closed","template":"","meta":{"_monsterinsights_skip_tracking":false,"_monsterinsights_sitenote_active":false,"_monsterinsights_sitenote_note":"","_monsterinsights_sitenote_category":0,"site-sidebar-layout":"no-sidebar","site-content-layout":"page-builder","ast-site-content-layout":"","site-content-style":"default","site-sidebar-style":"default","ast-global-header-display":"","ast-banner-title-visibility":"","ast-main-header-display":"","ast-hfb-above-header-display":"","ast-hfb-below-header-display":"","ast-hfb-mobile-header-display":"","site-post-title":"disabled","ast-breadcrumbs-content":"","ast-featured-img":"disabled","footer-sml-layout":"","theme-transparent-header-meta":"default","adv-header-id-meta":"","stick-header-meta":"","header-above-stick-meta":"","header-main-stick-meta":"","header-below-stick-meta":"","astra-migrate-meta-layouts":"default","ast-page-background-enabled":"default","ast-page-background-meta":{"desktop":{"background-color":"","background-image":"","background-repeat":"repeat","background-position":"center center","background-size":"auto","background-attachment":"scroll","background-type":"","background-media":"","overlay-type":"","overlay-color":"","overlay-gradient":""},"tablet":{"background-color":"","background-image":"","background-repeat":"repeat","background-position":"center center","background-size":"auto","background-attachment":"scroll","background-type":"","background-media":"","overlay-type":"","overlay-color":"","overlay-gradient":""},"mobile":{"background-color":"","background-image":"","background-repeat":"repeat","background-position":"center center","background-size":"auto","background-attachment":"scroll","background-type":"","background-media":"","overlay-type":"","overlay-color":"","overlay-gradient":""}},"ast-content-background-meta":{"desktop":{"background-color":"var(--ast-global-color-5)","background-image":"","background-repeat":"repeat","background-position":"center center","background-size":"auto","background-attachment":"scroll","background-type":"","background-media":"","overlay-type":"","overlay-color":"","overlay-gradient":""},"tablet":{"background-color":"var(--ast-global-color-5)","background-image":"","background-repeat":"repeat","background-position":"center center","background-size":"auto","background-attachment":"scroll","background-type":"","background-media":"","overlay-type":"","overlay-color":"","overlay-gradient":""},"mobile":{"background-color":"var(--ast-global-color-5)","background-image":"","background-repeat":"repeat","background-position":"center center","background-size":"auto","background-attachment":"scroll","background-type":"","background-media":"","overlay-type":"","overlay-color":"","overlay-gradient":""}},"footnotes":""},"yoast_head":"<!-- This site is optimized with the Yoast SEO plugin v23.3 - https:\/\/yoast.com\/wordpress\/plugins\/seo\/ -->\n<title>TRAVEL - Making Materials<\/title>\n<meta name=\"robots\" content=\"index, follow, max-snippet:-1, max-image-preview:large, max-video-preview:-1\" \/>\n<link rel=\"canonical\" href=\"https:\/\/makingmaterials.cmic.polimi.it\/en\/progetti\/travel\/\" \/>\n<meta property=\"og:locale\" content=\"en_GB\" \/>\n<meta property=\"og:type\" content=\"article\" \/>\n<meta property=\"og:title\" content=\"TRAVEL - Making Materials\" \/>\n<meta property=\"og:description\" content=\"TRAVEL: MaTeriali compositi, polimeri per termoformatura e tRAttamenti nanostrutturati per l&#8217;innoVazione prEstazionale deL prodotto camper TRAVEL \u00e8 un progetto cofinanziato dalla regione Toscana finalizzato ad un duplice obiettivo: alleggerire e fornire propriet\u00e0 innovative (idrorepellenza, autopulizia, antibattericit\u00e0 e resistenza da usura) ad autoveicoli. Il primo obiettivo viene raggiunto grazie a compositi a matrice polimerica espansi e [&hellip;]\" \/>\n<meta property=\"og:url\" content=\"https:\/\/makingmaterials.cmic.polimi.it\/en\/progetti\/travel\/\" \/>\n<meta property=\"og:site_name\" content=\"Making Materials\" \/>\n<meta property=\"article:modified_time\" content=\"2021-02-02T11:27:36+00:00\" \/>\n<meta property=\"og:image\" content=\"http:\/\/makingmaterials.cmic.polimi.it\/wp-content\/uploads\/2021\/01\/Travel-4-3-2-768x512.jpg\" \/>\n<meta name=\"twitter:card\" content=\"summary_large_image\" \/>\n<meta name=\"twitter:label1\" content=\"Estimated reading time\" \/>\n\t<meta name=\"twitter:data1\" content=\"1 minute\" \/>\n<script type=\"application\/ld+json\" class=\"yoast-schema-graph\">{\"@context\":\"https:\/\/schema.org\",\"@graph\":[{\"@type\":\"WebPage\",\"@id\":\"https:\/\/makingmaterials.cmic.polimi.it\/progetti\/travel\/\",\"url\":\"https:\/\/makingmaterials.cmic.polimi.it\/progetti\/travel\/\",\"name\":\"TRAVEL - Making Materials\",\"isPartOf\":{\"@id\":\"https:\/\/makingmaterials.cmic.polimi.it\/#website\"},\"primaryImageOfPage\":{\"@id\":\"https:\/\/makingmaterials.cmic.polimi.it\/progetti\/travel\/#primaryimage\"},\"image\":{\"@id\":\"https:\/\/makingmaterials.cmic.polimi.it\/progetti\/travel\/#primaryimage\"},\"thumbnailUrl\":\"http:\/\/makingmaterials.cmic.polimi.it\/wp-content\/uploads\/2021\/01\/Travel-4-3-2-768x512.jpg\",\"datePublished\":\"2020-10-12T14:03:54+00:00\",\"dateModified\":\"2021-02-02T11:27:36+00:00\",\"breadcrumb\":{\"@id\":\"https:\/\/makingmaterials.cmic.polimi.it\/progetti\/travel\/#breadcrumb\"},\"inLanguage\":\"en-GB\",\"potentialAction\":[{\"@type\":\"ReadAction\",\"target\":[\"https:\/\/makingmaterials.cmic.polimi.it\/progetti\/travel\/\"]}]},{\"@type\":\"ImageObject\",\"inLanguage\":\"en-GB\",\"@id\":\"https:\/\/makingmaterials.cmic.polimi.it\/progetti\/travel\/#primaryimage\",\"url\":\"http:\/\/makingmaterials.cmic.polimi.it\/wp-content\/uploads\/2021\/01\/Travel-4-3-2-768x512.jpg\",\"contentUrl\":\"http:\/\/makingmaterials.cmic.polimi.it\/wp-content\/uploads\/2021\/01\/Travel-4-3-2-768x512.jpg\"},{\"@type\":\"BreadcrumbList\",\"@id\":\"https:\/\/makingmaterials.cmic.polimi.it\/progetti\/travel\/#breadcrumb\",\"itemListElement\":[{\"@type\":\"ListItem\",\"position\":1,\"name\":\"Home\",\"item\":\"https:\/\/makingmaterials.cmic.polimi.it\/\"},{\"@type\":\"ListItem\",\"position\":2,\"name\":\"Progetti\",\"item\":\"https:\/\/makingmaterials.cmic.polimi.it\/progetti\/\"},{\"@type\":\"ListItem\",\"position\":3,\"name\":\"TRAVEL\"}]},{\"@type\":\"WebSite\",\"@id\":\"https:\/\/makingmaterials.cmic.polimi.it\/#website\",\"url\":\"https:\/\/makingmaterials.cmic.polimi.it\/\",\"name\":\"Making Materials\",\"description\":\"Research - Politecnico di Milano\",\"publisher\":{\"@id\":\"https:\/\/makingmaterials.cmic.polimi.it\/#organization\"},\"potentialAction\":[{\"@type\":\"SearchAction\",\"target\":{\"@type\":\"EntryPoint\",\"urlTemplate\":\"https:\/\/makingmaterials.cmic.polimi.it\/?s={search_term_string}\"},\"query-input\":\"required name=search_term_string\"}],\"inLanguage\":\"en-GB\"},{\"@type\":\"Organization\",\"@id\":\"https:\/\/makingmaterials.cmic.polimi.it\/#organization\",\"name\":\"Making Materials\",\"url\":\"https:\/\/makingmaterials.cmic.polimi.it\/\",\"logo\":{\"@type\":\"ImageObject\",\"inLanguage\":\"en-GB\",\"@id\":\"https:\/\/makingmaterials.cmic.polimi.it\/#\/schema\/logo\/image\/\",\"url\":\"https:\/\/makingmaterials.cmic.polimi.it\/wp-content\/uploads\/2021\/10\/Senza-titolo.png\",\"contentUrl\":\"https:\/\/makingmaterials.cmic.polimi.it\/wp-content\/uploads\/2021\/10\/Senza-titolo.png\",\"width\":248,\"height\":248,\"caption\":\"Making Materials\"},\"image\":{\"@id\":\"https:\/\/makingmaterials.cmic.polimi.it\/#\/schema\/logo\/image\/\"},\"sameAs\":[\"https:\/\/www.instagram.com\/making_materials\/\"]}]}<\/script>\n<!-- \/ Yoast SEO plugin. -->","yoast_head_json":{"title":"TRAVEL - Making Materials","robots":{"index":"index","follow":"follow","max-snippet":"max-snippet:-1","max-image-preview":"max-image-preview:large","max-video-preview":"max-video-preview:-1"},"canonical":"https:\/\/makingmaterials.cmic.polimi.it\/en\/progetti\/travel\/","og_locale":"en_GB","og_type":"article","og_title":"TRAVEL - Making Materials","og_description":"TRAVEL: MaTeriali compositi, polimeri per termoformatura e tRAttamenti nanostrutturati per l&#8217;innoVazione prEstazionale deL prodotto camper TRAVEL \u00e8 un progetto cofinanziato dalla regione Toscana finalizzato ad un duplice obiettivo: alleggerire e fornire propriet\u00e0 innovative (idrorepellenza, autopulizia, antibattericit\u00e0 e resistenza da usura) ad autoveicoli. Il primo obiettivo viene raggiunto grazie a compositi a matrice polimerica espansi e [&hellip;]","og_url":"https:\/\/makingmaterials.cmic.polimi.it\/en\/progetti\/travel\/","og_site_name":"Making Materials","article_modified_time":"2021-02-02T11:27:36+00:00","og_image":[{"url":"http:\/\/makingmaterials.cmic.polimi.it\/wp-content\/uploads\/2021\/01\/Travel-4-3-2-768x512.jpg"}],"twitter_card":"summary_large_image","twitter_misc":{"Estimated reading time":"1 minute"},"schema":{"@context":"https:\/\/schema.org","@graph":[{"@type":"WebPage","@id":"https:\/\/makingmaterials.cmic.polimi.it\/progetti\/travel\/","url":"https:\/\/makingmaterials.cmic.polimi.it\/progetti\/travel\/","name":"TRAVEL - Making Materials","isPartOf":{"@id":"https:\/\/makingmaterials.cmic.polimi.it\/#website"},"primaryImageOfPage":{"@id":"https:\/\/makingmaterials.cmic.polimi.it\/progetti\/travel\/#primaryimage"},"image":{"@id":"https:\/\/makingmaterials.cmic.polimi.it\/progetti\/travel\/#primaryimage"},"thumbnailUrl":"http:\/\/makingmaterials.cmic.polimi.it\/wp-content\/uploads\/2021\/01\/Travel-4-3-2-768x512.jpg","datePublished":"2020-10-12T14:03:54+00:00","dateModified":"2021-02-02T11:27:36+00:00","breadcrumb":{"@id":"https:\/\/makingmaterials.cmic.polimi.it\/progetti\/travel\/#breadcrumb"},"inLanguage":"en-GB","potentialAction":[{"@type":"ReadAction","target":["https:\/\/makingmaterials.cmic.polimi.it\/progetti\/travel\/"]}]},{"@type":"ImageObject","inLanguage":"en-GB","@id":"https:\/\/makingmaterials.cmic.polimi.it\/progetti\/travel\/#primaryimage","url":"http:\/\/makingmaterials.cmic.polimi.it\/wp-content\/uploads\/2021\/01\/Travel-4-3-2-768x512.jpg","contentUrl":"http:\/\/makingmaterials.cmic.polimi.it\/wp-content\/uploads\/2021\/01\/Travel-4-3-2-768x512.jpg"},{"@type":"BreadcrumbList","@id":"https:\/\/makingmaterials.cmic.polimi.it\/progetti\/travel\/#breadcrumb","itemListElement":[{"@type":"ListItem","position":1,"name":"Home","item":"https:\/\/makingmaterials.cmic.polimi.it\/"},{"@type":"ListItem","position":2,"name":"Progetti","item":"https:\/\/makingmaterials.cmic.polimi.it\/progetti\/"},{"@type":"ListItem","position":3,"name":"TRAVEL"}]},{"@type":"WebSite","@id":"https:\/\/makingmaterials.cmic.polimi.it\/#website","url":"https:\/\/makingmaterials.cmic.polimi.it\/","name":"Making Materials","description":"Research - Politecnico di Milano","publisher":{"@id":"https:\/\/makingmaterials.cmic.polimi.it\/#organization"},"potentialAction":[{"@type":"SearchAction","target":{"@type":"EntryPoint","urlTemplate":"https:\/\/makingmaterials.cmic.polimi.it\/?s={search_term_string}"},"query-input":"required name=search_term_string"}],"inLanguage":"en-GB"},{"@type":"Organization","@id":"https:\/\/makingmaterials.cmic.polimi.it\/#organization","name":"Making Materials","url":"https:\/\/makingmaterials.cmic.polimi.it\/","logo":{"@type":"ImageObject","inLanguage":"en-GB","@id":"https:\/\/makingmaterials.cmic.polimi.it\/#\/schema\/logo\/image\/","url":"https:\/\/makingmaterials.cmic.polimi.it\/wp-content\/uploads\/2021\/10\/Senza-titolo.png","contentUrl":"https:\/\/makingmaterials.cmic.polimi.it\/wp-content\/uploads\/2021\/10\/Senza-titolo.png","width":248,"height":248,"caption":"Making Materials"},"image":{"@id":"https:\/\/makingmaterials.cmic.polimi.it\/#\/schema\/logo\/image\/"},"sameAs":["https:\/\/www.instagram.com\/making_materials\/"]}]}},"_links":{"self":[{"href":"https:\/\/makingmaterials.cmic.polimi.it\/en\/wp-json\/wp\/v2\/pages\/372"}],"collection":[{"href":"https:\/\/makingmaterials.cmic.polimi.it\/en\/wp-json\/wp\/v2\/pages"}],"about":[{"href":"https:\/\/makingmaterials.cmic.polimi.it\/en\/wp-json\/wp\/v2\/types\/page"}],"author":[{"embeddable":true,"href":"https:\/\/makingmaterials.cmic.polimi.it\/en\/wp-json\/wp\/v2\/users\/2"}],"replies":[{"embeddable":true,"href":"https:\/\/makingmaterials.cmic.polimi.it\/en\/wp-json\/wp\/v2\/comments?post=372"}],"version-history":[{"count":15,"href":"https:\/\/makingmaterials.cmic.polimi.it\/en\/wp-json\/wp\/v2\/pages\/372\/revisions"}],"predecessor-version":[{"id":1979,"href":"https:\/\/makingmaterials.cmic.polimi.it\/en\/wp-json\/wp\/v2\/pages\/372\/revisions\/1979"}],"up":[{"embeddable":true,"href":"https:\/\/makingmaterials.cmic.polimi.it\/en\/wp-json\/wp\/v2\/pages\/458"}],"wp:attachment":[{"href":"https:\/\/makingmaterials.cmic.polimi.it\/en\/wp-json\/wp\/v2\/media?parent=372"}],"curies":[{"name":"wp","href":"https:\/\/api.w.org\/{rel}","templated":true}]}}