{"id":404,"date":"2020-10-12T14:48:38","date_gmt":"2020-10-12T14:48:38","guid":{"rendered":"http:\/\/makingmaterials.cmic.polimi.it\/?page_id=404"},"modified":"2021-01-19T17:19:09","modified_gmt":"2021-01-19T17:19:09","slug":"about-us","status":"publish","type":"page","link":"https:\/\/makingmaterials.cmic.polimi.it\/en\/about-us\/","title":{"rendered":"About us"},"content":{"rendered":"<div data-elementor-type=\"wp-page\" data-elementor-id=\"404\" class=\"elementor elementor-404\">\n\t\t\t\t\t\t\t\t\t<section class=\"elementor-section elementor-top-section elementor-element elementor-element-ce342e4 elementor-section-height-min-height elementor-section-boxed elementor-section-height-default elementor-section-items-middle\" data-id=\"ce342e4\" data-element_type=\"section\" data-settings=\"{&quot;background_background&quot;:&quot;classic&quot;}\">\n\t\t\t\t\t\t\t<div class=\"elementor-background-overlay\"><\/div>\n\t\t\t\t\t\t\t<div class=\"elementor-container elementor-column-gap-default\">\n\t\t\t\t\t<div class=\"elementor-column elementor-col-100 elementor-top-column elementor-element elementor-element-342ea459\" data-id=\"342ea459\" data-element_type=\"column\">\n\t\t\t<div class=\"elementor-widget-wrap elementor-element-populated\">\n\t\t\t\t\t\t\t\t<div class=\"elementor-element elementor-element-3290075 elementor-widget elementor-widget-heading\" data-id=\"3290075\" data-element_type=\"widget\" data-widget_type=\"heading.default\">\n\t\t\t\t<div class=\"elementor-widget-container\">\n\t\t\t<h1 class=\"elementor-heading-title elementor-size-default\">About us<\/h1>\t\t<\/div>\n\t\t\t\t<\/div>\n\t\t\t\t\t<\/div>\n\t\t<\/div>\n\t\t\t\t\t\t\t<\/div>\n\t\t<\/section>\n\t\t\t\t<section class=\"elementor-section elementor-top-section elementor-element elementor-element-a069b49 elementor-section-height-min-height elementor-section-boxed elementor-section-height-default elementor-section-items-middle\" data-id=\"a069b49\" data-element_type=\"section\">\n\t\t\t\t\t\t<div class=\"elementor-container elementor-column-gap-default\">\n\t\t\t\t\t<div class=\"elementor-column elementor-col-100 elementor-top-column elementor-element elementor-element-9352842\" data-id=\"9352842\" data-element_type=\"column\">\n\t\t\t<div class=\"elementor-widget-wrap elementor-element-populated\">\n\t\t\t\t\t\t\t\t<div class=\"elementor-element elementor-element-54036ac elementor-widget elementor-widget-heading\" data-id=\"54036ac\" data-element_type=\"widget\" data-widget_type=\"heading.default\">\n\t\t\t\t<div class=\"elementor-widget-container\">\n\t\t\t<h2 class=\"elementor-heading-title elementor-size-default\">our experiences<\/h2>\t\t<\/div>\n\t\t\t\t<\/div>\n\t\t\t\t<div class=\"elementor-element elementor-element-0ef3eb9 elementor-widget elementor-widget-text-editor\" data-id=\"0ef3eb9\" data-element_type=\"widget\" data-widget_type=\"text-editor.default\">\n\t\t\t\t<div class=\"elementor-widget-container\">\n\t\t\t\t\t\t\t<p>Le nostre competenze si legano al mondo dei materiali a diversi livelli, primi fra tutti i criteri di scelta dei materiali con un focus anche nell\u2019ambito della progettazione CMF (Colori, Materiali, Finiture).<\/p><p>La nostra attivit\u00e0 di ricerca si occupa inoltre di analisi percettivo-comportamentali degli utenti e di\u00a0<i>system-thinking<\/i>\u00a0per l\u2019innovazione del prodotto packaging. Relativamente a progettazione e studio di nuovi materiali, indaghiamo e sviluppiamo compositi a matrice polimerica e materiali a prevalenza cellulosica.<\/p><p>Abbiamo una collaborazione attiva da pi\u00f9 di 10 anni con\u00a0<a href=\"https:\/\/ghelfiondulati.com\/\">Ghelfi Ondulati<\/a>, azienda consolidata in ambito italiano ed europeo che \u00e8 specializzata nella realizzazione di imballaggi in cartone ondulato. La cooperazione prevede attivit\u00e0 di ricerca mirate all\u2019innovazione del prodotto packaging e il suo trasferimento tecnologico. Le soluzioni offerte si concentrano sul miglioramento del prodotto attraverso lo studio di nuovi materiali e la funzionalizzazione delle superfici.<\/p><p>Crediamo fortemente che le nostre attivit\u00e0 di ricerca possano contribuire in maniera significativa alla trasformazione del mondo industriale. Negli anni abbiamo affiancato, attraverso collaborazioni continuative, aziende leader come Faber S.p.A., Luxottica, Conai, Comieco e Brevetti Montolit.<\/p><p>Sono inoltre attive collaborazioni con i gruppi di ricerca di universit\u00e0 internazionali come Imperial College London (UK), Groupe des \u00c9coles Centrales (Francia), \u00c9cole de Mines (Francia), IIT \u2013 Institute of Design (USA), Loughborough Design School (UK) e USP &#8211; FAU (Brasile)<\/p>\t\t\t\t\t\t<\/div>\n\t\t\t\t<\/div>\n\t\t\t\t\t<\/div>\n\t\t<\/div>\n\t\t\t\t\t\t\t<\/div>\n\t\t<\/section>\n\t\t\t\t<section class=\"elementor-section elementor-top-section elementor-element elementor-element-2d4040a elementor-section-height-min-height elementor-section-boxed elementor-section-height-default elementor-section-items-middle\" data-id=\"2d4040a\" data-element_type=\"section\">\n\t\t\t\t\t\t<div class=\"elementor-container elementor-column-gap-default\">\n\t\t\t\t\t<div class=\"elementor-column elementor-col-100 elementor-top-column elementor-element elementor-element-f659c3d\" data-id=\"f659c3d\" data-element_type=\"column\">\n\t\t\t<div class=\"elementor-widget-wrap elementor-element-populated\">\n\t\t\t\t\t\t\t\t<div class=\"elementor-element elementor-element-27494bf elementor-widget elementor-widget-heading\" data-id=\"27494bf\" data-element_type=\"widget\" data-widget_type=\"heading.default\">\n\t\t\t\t<div class=\"elementor-widget-container\">\n\t\t\t<h2 class=\"elementor-heading-title elementor-size-default\">area di ricerca<\/h2>\t\t<\/div>\n\t\t\t\t<\/div>\n\t\t\t\t<div class=\"elementor-element elementor-element-929d528 elementor-widget elementor-widget-text-editor\" data-id=\"929d528\" data-element_type=\"widget\" data-widget_type=\"text-editor.default\">\n\t\t\t\t<div class=\"elementor-widget-container\">\n\t\t\t\t\t\t\t<p>Making Materials afferisce al Dipartimento di Chimica dei Materiali \u201cGiulio Natta\u201d del Politecnico di Milano e tiene corsi nei percorsi di laurea e laurea magistrale nella Scuola del Design. \u00c8 proprio grazie a questa peculiarit\u00e0 che l\u2019attivit\u00e0 di ricerca fonde conoscenze che derivano sia dal mondo dei materiali sia dal design.<\/p><p>Molto importante \u00e8 la collaborazione con realt\u00e0 industriali, con le quali abbiamo un confronto diretto ed un dialogo costruttivo mirato all\u2019innovazione del prodotto.<\/p><p>Sebbene la nostra ricerca di sviluppi a partire da pi\u00f9 filoni apparentemente indipendenti, le attivit\u00e0 dei membri del gruppo riprendono pi\u00f9 tematiche collegandole tra di loro. Si creano cos\u00ec nuove opportunit\u00e0 di progetto ed innovazione: dall\u2019analisi sugli strumenti di selezione dei materiali, ai metamateriali e materiali per la stampa 4D, alla ricerca di smart material per il packaging.<\/p><p>Sicuramente il packaging \u00e8 la tematica principale, sulla quale concentriamo la ricerca di nuove soluzioni progettuali attraverso lo studio e l\u2019utilizzo di nuovi materiali, ma anche grazie alla definizione di linee guida progettuali.<\/p><p>La sostenibilit\u00e0 rimane sempre il denominatore comune di tutte le nostre attivit\u00e0 di ricerca, mirando ad una progettazione pi\u00f9 consapevole delle nostre responsabilit\u00e0 verso il pianeta.<\/p>\t\t\t\t\t\t<\/div>\n\t\t\t\t<\/div>\n\t\t\t\t\t<\/div>\n\t\t<\/div>\n\t\t\t\t\t\t\t<\/div>\n\t\t<\/section>\n\t\t\t\t<section class=\"elementor-section elementor-top-section elementor-element elementor-element-2cb033c elementor-section-height-min-height elementor-section-boxed elementor-section-height-default elementor-section-items-middle\" data-id=\"2cb033c\" data-element_type=\"section\" data-settings=\"{&quot;background_background&quot;:&quot;classic&quot;}\">\n\t\t\t\t\t\t<div class=\"elementor-container elementor-column-gap-default\">\n\t\t\t\t\t<div class=\"elementor-column elementor-col-100 elementor-top-column elementor-element elementor-element-4000466\" data-id=\"4000466\" data-element_type=\"column\">\n\t\t\t<div class=\"elementor-widget-wrap elementor-element-populated\">\n\t\t\t\t\t\t\t\t<div class=\"elementor-element elementor-element-e9aea41 elementor-widget elementor-widget-image\" data-id=\"e9aea41\" data-element_type=\"widget\" data-widget_type=\"image.default\">\n\t\t\t\t<div class=\"elementor-widget-container\">\n\t\t\t\t\t\t\t\t\t\t\t\t\t\t\t<img decoding=\"async\" width=\"300\" height=\"80\" src=\"https:\/\/makingmaterials.cmic.polimi.it\/wp-content\/uploads\/2020\/12\/design4materials_logo_white.-png-300x80.png\" class=\"attachment-medium size-medium wp-image-1106\" alt=\"logo network design4materials\" srcset=\"https:\/\/makingmaterials.cmic.polimi.it\/wp-content\/uploads\/2020\/12\/design4materials_logo_white.-png-300x80.png 300w, https:\/\/makingmaterials.cmic.polimi.it\/wp-content\/uploads\/2020\/12\/design4materials_logo_white.-png-1024x275.png 1024w, https:\/\/makingmaterials.cmic.polimi.it\/wp-content\/uploads\/2020\/12\/design4materials_logo_white.-png-768x206.png 768w, https:\/\/makingmaterials.cmic.polimi.it\/wp-content\/uploads\/2020\/12\/design4materials_logo_white.-png.png 1197w\" sizes=\"(max-width: 300px) 100vw, 300px\" \/>\t\t\t\t\t\t\t\t\t\t\t\t\t\t\t<\/div>\n\t\t\t\t<\/div>\n\t\t\t\t<div class=\"elementor-element elementor-element-b5eae2f elementor-widget elementor-widget-text-editor\" data-id=\"b5eae2f\" data-element_type=\"widget\" data-widget_type=\"text-editor.default\">\n\t\t\t\t<div class=\"elementor-widget-container\">\n\t\t\t\t\t\t\t<p>Dal 2019 Making Materials fa parte del network \u201cDesign4Materials\u201d insieme ai principali centri di ricerca della cultura dei materiali per il design in Italia.<\/p>\t\t\t\t\t\t<\/div>\n\t\t\t\t<\/div>\n\t\t\t\t\t<\/div>\n\t\t<\/div>\n\t\t\t\t\t\t\t<\/div>\n\t\t<\/section>\n\t\t\t\t\t\t\t<\/div>","protected":false},"excerpt":{"rendered":"<p>About us le nostre esperienze Le nostre competenze si legano al mondo dei materiali a diversi livelli, primi fra tutti i criteri di scelta dei materiali con un focus anche nell\u2019ambito della progettazione CMF (Colori, Materiali, Finiture). La nostra attivit\u00e0 di ricerca si occupa inoltre di analisi percettivo-comportamentali degli utenti e di\u00a0system-thinking\u00a0per l\u2019innovazione del prodotto [&hellip;]<\/p>\n","protected":false},"author":2,"featured_media":0,"parent":0,"menu_order":0,"comment_status":"closed","ping_status":"closed","template":"","meta":{"_monsterinsights_skip_tracking":false,"_monsterinsights_sitenote_active":false,"_monsterinsights_sitenote_note":"","_monsterinsights_sitenote_category":0,"site-sidebar-layout":"no-sidebar","site-content-layout":"page-builder","ast-site-content-layout":"","site-content-style":"default","site-sidebar-style":"default","ast-global-header-display":"","ast-banner-title-visibility":"","ast-main-header-display":"","ast-hfb-above-header-display":"","ast-hfb-below-header-display":"","ast-hfb-mobile-header-display":"","site-post-title":"disabled","ast-breadcrumbs-content":"","ast-featured-img":"disabled","footer-sml-layout":"","theme-transparent-header-meta":"default","adv-header-id-meta":"","stick-header-meta":"","header-above-stick-meta":"","header-main-stick-meta":"","header-below-stick-meta":"","astra-migrate-meta-layouts":"default","ast-page-background-enabled":"default","ast-page-background-meta":{"desktop":{"background-color":"","background-image":"","background-repeat":"repeat","background-position":"center center","background-size":"auto","background-attachment":"scroll","background-type":"","background-media":"","overlay-type":"","overlay-color":"","overlay-gradient":""},"tablet":{"background-color":"","background-image":"","background-repeat":"repeat","background-position":"center center","background-size":"auto","background-attachment":"scroll","background-type":"","background-media":"","overlay-type":"","overlay-color":"","overlay-gradient":""},"mobile":{"background-color":"","background-image":"","background-repeat":"repeat","background-position":"center center","background-size":"auto","background-attachment":"scroll","background-type":"","background-media":"","overlay-type":"","overlay-color":"","overlay-gradient":""}},"ast-content-background-meta":{"desktop":{"background-color":"var(--ast-global-color-5)","background-image":"","background-repeat":"repeat","background-position":"center center","background-size":"auto","background-attachment":"scroll","background-type":"","background-media":"","overlay-type":"","overlay-color":"","overlay-gradient":""},"tablet":{"background-color":"var(--ast-global-color-5)","background-image":"","background-repeat":"repeat","background-position":"center center","background-size":"auto","background-attachment":"scroll","background-type":"","background-media":"","overlay-type":"","overlay-color":"","overlay-gradient":""},"mobile":{"background-color":"var(--ast-global-color-5)","background-image":"","background-repeat":"repeat","background-position":"center center","background-size":"auto","background-attachment":"scroll","background-type":"","background-media":"","overlay-type":"","overlay-color":"","overlay-gradient":""}},"footnotes":""},"yoast_head":"<!-- This site is optimized with the Yoast SEO plugin v23.3 - https:\/\/yoast.com\/wordpress\/plugins\/seo\/ -->\n<title>About us - Making Materials<\/title>\n<meta name=\"robots\" content=\"index, follow, max-snippet:-1, max-image-preview:large, max-video-preview:-1\" \/>\n<link rel=\"canonical\" href=\"https:\/\/makingmaterials.cmic.polimi.it\/en\/about-us\/\" \/>\n<meta property=\"og:locale\" content=\"en_GB\" \/>\n<meta property=\"og:type\" content=\"article\" \/>\n<meta property=\"og:title\" content=\"About us - Making Materials\" \/>\n<meta property=\"og:description\" content=\"About us le nostre esperienze Le nostre competenze si legano al mondo dei materiali a diversi livelli, primi fra tutti i criteri di scelta dei materiali con un focus anche nell\u2019ambito della progettazione CMF (Colori, Materiali, Finiture). La nostra attivit\u00e0 di ricerca si occupa inoltre di analisi percettivo-comportamentali degli utenti e di\u00a0system-thinking\u00a0per l\u2019innovazione del prodotto [&hellip;]\" \/>\n<meta property=\"og:url\" content=\"https:\/\/makingmaterials.cmic.polimi.it\/en\/about-us\/\" \/>\n<meta property=\"og:site_name\" content=\"Making Materials\" \/>\n<meta property=\"article:modified_time\" content=\"2021-01-19T17:19:09+00:00\" \/>\n<meta property=\"og:image\" content=\"http:\/\/makingmaterials.cmic.polimi.it\/wp-content\/uploads\/2020\/12\/design4materials_logo_white.-png-300x80.png\" \/>\n<meta name=\"twitter:card\" content=\"summary_large_image\" \/>\n<meta name=\"twitter:label1\" content=\"Estimated reading time\" \/>\n\t<meta name=\"twitter:data1\" content=\"2 minutes\" \/>\n<script type=\"application\/ld+json\" class=\"yoast-schema-graph\">{\"@context\":\"https:\/\/schema.org\",\"@graph\":[{\"@type\":\"WebPage\",\"@id\":\"https:\/\/makingmaterials.cmic.polimi.it\/en\/about-us\/\",\"url\":\"https:\/\/makingmaterials.cmic.polimi.it\/en\/about-us\/\",\"name\":\"About us - Making Materials\",\"isPartOf\":{\"@id\":\"https:\/\/makingmaterials.cmic.polimi.it\/#website\"},\"primaryImageOfPage\":{\"@id\":\"https:\/\/makingmaterials.cmic.polimi.it\/en\/about-us\/#primaryimage\"},\"image\":{\"@id\":\"https:\/\/makingmaterials.cmic.polimi.it\/en\/about-us\/#primaryimage\"},\"thumbnailUrl\":\"http:\/\/makingmaterials.cmic.polimi.it\/wp-content\/uploads\/2020\/12\/design4materials_logo_white.-png-300x80.png\",\"datePublished\":\"2020-10-12T14:48:38+00:00\",\"dateModified\":\"2021-01-19T17:19:09+00:00\",\"breadcrumb\":{\"@id\":\"https:\/\/makingmaterials.cmic.polimi.it\/en\/about-us\/#breadcrumb\"},\"inLanguage\":\"en-GB\",\"potentialAction\":[{\"@type\":\"ReadAction\",\"target\":[\"https:\/\/makingmaterials.cmic.polimi.it\/en\/about-us\/\"]}]},{\"@type\":\"ImageObject\",\"inLanguage\":\"en-GB\",\"@id\":\"https:\/\/makingmaterials.cmic.polimi.it\/en\/about-us\/#primaryimage\",\"url\":\"http:\/\/makingmaterials.cmic.polimi.it\/wp-content\/uploads\/2020\/12\/design4materials_logo_white.-png-300x80.png\",\"contentUrl\":\"http:\/\/makingmaterials.cmic.polimi.it\/wp-content\/uploads\/2020\/12\/design4materials_logo_white.-png-300x80.png\"},{\"@type\":\"BreadcrumbList\",\"@id\":\"https:\/\/makingmaterials.cmic.polimi.it\/en\/about-us\/#breadcrumb\",\"itemListElement\":[{\"@type\":\"ListItem\",\"position\":1,\"name\":\"Home\",\"item\":\"https:\/\/makingmaterials.cmic.polimi.it\/\"},{\"@type\":\"ListItem\",\"position\":2,\"name\":\"About us\"}]},{\"@type\":\"WebSite\",\"@id\":\"https:\/\/makingmaterials.cmic.polimi.it\/#website\",\"url\":\"https:\/\/makingmaterials.cmic.polimi.it\/\",\"name\":\"Making Materials\",\"description\":\"Research - Politecnico di Milano\",\"publisher\":{\"@id\":\"https:\/\/makingmaterials.cmic.polimi.it\/#organization\"},\"potentialAction\":[{\"@type\":\"SearchAction\",\"target\":{\"@type\":\"EntryPoint\",\"urlTemplate\":\"https:\/\/makingmaterials.cmic.polimi.it\/?s={search_term_string}\"},\"query-input\":\"required name=search_term_string\"}],\"inLanguage\":\"en-GB\"},{\"@type\":\"Organization\",\"@id\":\"https:\/\/makingmaterials.cmic.polimi.it\/#organization\",\"name\":\"Making Materials\",\"url\":\"https:\/\/makingmaterials.cmic.polimi.it\/\",\"logo\":{\"@type\":\"ImageObject\",\"inLanguage\":\"en-GB\",\"@id\":\"https:\/\/makingmaterials.cmic.polimi.it\/#\/schema\/logo\/image\/\",\"url\":\"https:\/\/makingmaterials.cmic.polimi.it\/wp-content\/uploads\/2021\/10\/Senza-titolo.png\",\"contentUrl\":\"https:\/\/makingmaterials.cmic.polimi.it\/wp-content\/uploads\/2021\/10\/Senza-titolo.png\",\"width\":248,\"height\":248,\"caption\":\"Making Materials\"},\"image\":{\"@id\":\"https:\/\/makingmaterials.cmic.polimi.it\/#\/schema\/logo\/image\/\"},\"sameAs\":[\"https:\/\/www.instagram.com\/making_materials\/\"]}]}<\/script>\n<!-- \/ Yoast SEO plugin. -->","yoast_head_json":{"title":"About us - Making Materials","robots":{"index":"index","follow":"follow","max-snippet":"max-snippet:-1","max-image-preview":"max-image-preview:large","max-video-preview":"max-video-preview:-1"},"canonical":"https:\/\/makingmaterials.cmic.polimi.it\/en\/about-us\/","og_locale":"en_GB","og_type":"article","og_title":"About us - Making Materials","og_description":"About us le nostre esperienze Le nostre competenze si legano al mondo dei materiali a diversi livelli, primi fra tutti i criteri di scelta dei materiali con un focus anche nell\u2019ambito della progettazione CMF (Colori, Materiali, Finiture). La nostra attivit\u00e0 di ricerca si occupa inoltre di analisi percettivo-comportamentali degli utenti e di\u00a0system-thinking\u00a0per l\u2019innovazione del prodotto [&hellip;]","og_url":"https:\/\/makingmaterials.cmic.polimi.it\/en\/about-us\/","og_site_name":"Making Materials","article_modified_time":"2021-01-19T17:19:09+00:00","og_image":[{"url":"http:\/\/makingmaterials.cmic.polimi.it\/wp-content\/uploads\/2020\/12\/design4materials_logo_white.-png-300x80.png"}],"twitter_card":"summary_large_image","twitter_misc":{"Estimated reading time":"2 minutes"},"schema":{"@context":"https:\/\/schema.org","@graph":[{"@type":"WebPage","@id":"https:\/\/makingmaterials.cmic.polimi.it\/en\/about-us\/","url":"https:\/\/makingmaterials.cmic.polimi.it\/en\/about-us\/","name":"About us - Making Materials","isPartOf":{"@id":"https:\/\/makingmaterials.cmic.polimi.it\/#website"},"primaryImageOfPage":{"@id":"https:\/\/makingmaterials.cmic.polimi.it\/en\/about-us\/#primaryimage"},"image":{"@id":"https:\/\/makingmaterials.cmic.polimi.it\/en\/about-us\/#primaryimage"},"thumbnailUrl":"http:\/\/makingmaterials.cmic.polimi.it\/wp-content\/uploads\/2020\/12\/design4materials_logo_white.-png-300x80.png","datePublished":"2020-10-12T14:48:38+00:00","dateModified":"2021-01-19T17:19:09+00:00","breadcrumb":{"@id":"https:\/\/makingmaterials.cmic.polimi.it\/en\/about-us\/#breadcrumb"},"inLanguage":"en-GB","potentialAction":[{"@type":"ReadAction","target":["https:\/\/makingmaterials.cmic.polimi.it\/en\/about-us\/"]}]},{"@type":"ImageObject","inLanguage":"en-GB","@id":"https:\/\/makingmaterials.cmic.polimi.it\/en\/about-us\/#primaryimage","url":"http:\/\/makingmaterials.cmic.polimi.it\/wp-content\/uploads\/2020\/12\/design4materials_logo_white.-png-300x80.png","contentUrl":"http:\/\/makingmaterials.cmic.polimi.it\/wp-content\/uploads\/2020\/12\/design4materials_logo_white.-png-300x80.png"},{"@type":"BreadcrumbList","@id":"https:\/\/makingmaterials.cmic.polimi.it\/en\/about-us\/#breadcrumb","itemListElement":[{"@type":"ListItem","position":1,"name":"Home","item":"https:\/\/makingmaterials.cmic.polimi.it\/"},{"@type":"ListItem","position":2,"name":"About us"}]},{"@type":"WebSite","@id":"https:\/\/makingmaterials.cmic.polimi.it\/#website","url":"https:\/\/makingmaterials.cmic.polimi.it\/","name":"Making Materials","description":"Research - Politecnico di Milano","publisher":{"@id":"https:\/\/makingmaterials.cmic.polimi.it\/#organization"},"potentialAction":[{"@type":"SearchAction","target":{"@type":"EntryPoint","urlTemplate":"https:\/\/makingmaterials.cmic.polimi.it\/?s={search_term_string}"},"query-input":"required name=search_term_string"}],"inLanguage":"en-GB"},{"@type":"Organization","@id":"https:\/\/makingmaterials.cmic.polimi.it\/#organization","name":"Making Materials","url":"https:\/\/makingmaterials.cmic.polimi.it\/","logo":{"@type":"ImageObject","inLanguage":"en-GB","@id":"https:\/\/makingmaterials.cmic.polimi.it\/#\/schema\/logo\/image\/","url":"https:\/\/makingmaterials.cmic.polimi.it\/wp-content\/uploads\/2021\/10\/Senza-titolo.png","contentUrl":"https:\/\/makingmaterials.cmic.polimi.it\/wp-content\/uploads\/2021\/10\/Senza-titolo.png","width":248,"height":248,"caption":"Making Materials"},"image":{"@id":"https:\/\/makingmaterials.cmic.polimi.it\/#\/schema\/logo\/image\/"},"sameAs":["https:\/\/www.instagram.com\/making_materials\/"]}]}},"_links":{"self":[{"href":"https:\/\/makingmaterials.cmic.polimi.it\/en\/wp-json\/wp\/v2\/pages\/404"}],"collection":[{"href":"https:\/\/makingmaterials.cmic.polimi.it\/en\/wp-json\/wp\/v2\/pages"}],"about":[{"href":"https:\/\/makingmaterials.cmic.polimi.it\/en\/wp-json\/wp\/v2\/types\/page"}],"author":[{"embeddable":true,"href":"https:\/\/makingmaterials.cmic.polimi.it\/en\/wp-json\/wp\/v2\/users\/2"}],"replies":[{"embeddable":true,"href":"https:\/\/makingmaterials.cmic.polimi.it\/en\/wp-json\/wp\/v2\/comments?post=404"}],"version-history":[{"count":24,"href":"https:\/\/makingmaterials.cmic.polimi.it\/en\/wp-json\/wp\/v2\/pages\/404\/revisions"}],"predecessor-version":[{"id":1725,"href":"https:\/\/makingmaterials.cmic.polimi.it\/en\/wp-json\/wp\/v2\/pages\/404\/revisions\/1725"}],"wp:attachment":[{"href":"https:\/\/makingmaterials.cmic.polimi.it\/en\/wp-json\/wp\/v2\/media?parent=404"}],"curies":[{"name":"wp","href":"https:\/\/api.w.org\/{rel}","templated":true}]}}