{"id":670,"date":"2020-10-29T13:43:16","date_gmt":"2020-10-29T13:43:16","guid":{"rendered":"http:\/\/makingmaterials.cmic.polimi.it\/?page_id=670"},"modified":"2021-07-06T10:05:32","modified_gmt":"2021-07-06T10:05:32","slug":"giulia-salem-alumnus","status":"publish","type":"page","link":"https:\/\/makingmaterials.cmic.polimi.it\/en\/il-team\/giulia-salem-alumnus\/","title":{"rendered":"Giulia Salem"},"content":{"rendered":"<div data-elementor-type=\"wp-page\" data-elementor-id=\"670\" class=\"elementor elementor-670\">\n\t\t\t\t\t\t\t\t\t<section class=\"elementor-section elementor-top-section elementor-element elementor-element-7656fc74 elementor-section-boxed elementor-section-height-default elementor-section-height-default\" data-id=\"7656fc74\" data-element_type=\"section\">\n\t\t\t\t\t\t<div class=\"elementor-container elementor-column-gap-default\">\n\t\t\t\t\t<div class=\"elementor-column elementor-col-100 elementor-top-column elementor-element elementor-element-7585a632\" data-id=\"7585a632\" data-element_type=\"column\">\n\t\t\t<div class=\"elementor-widget-wrap elementor-element-populated\">\n\t\t\t\t\t\t\t\t<section class=\"elementor-section elementor-inner-section elementor-element elementor-element-6410ab98 elementor-section-boxed elementor-section-height-default elementor-section-height-default\" data-id=\"6410ab98\" data-element_type=\"section\">\n\t\t\t\t\t\t<div class=\"elementor-container elementor-column-gap-default\">\n\t\t\t\t\t<div class=\"elementor-column elementor-col-33 elementor-inner-column elementor-element elementor-element-42bd19ee\" data-id=\"42bd19ee\" data-element_type=\"column\">\n\t\t\t<div class=\"elementor-widget-wrap elementor-element-populated\">\n\t\t\t\t\t\t\t\t<div class=\"elementor-element elementor-element-6f2771bb elementor-widget elementor-widget-heading\" data-id=\"6f2771bb\" data-element_type=\"widget\" data-widget_type=\"heading.default\">\n\t\t\t\t<div class=\"elementor-widget-container\">\n\t\t\t<h2 class=\"elementor-heading-title elementor-size-default\">giulia salem<\/h2>\t\t<\/div>\n\t\t\t\t<\/div>\n\t\t\t\t\t<\/div>\n\t\t<\/div>\n\t\t\t\t<div class=\"elementor-column elementor-col-66 elementor-inner-column elementor-element elementor-element-72b729b2\" data-id=\"72b729b2\" data-element_type=\"column\">\n\t\t\t<div class=\"elementor-widget-wrap\">\n\t\t\t\t\t\t\t\t\t<\/div>\n\t\t<\/div>\n\t\t\t\t\t\t\t<\/div>\n\t\t<\/section>\n\t\t\t\t<section class=\"elementor-section elementor-inner-section elementor-element elementor-element-2aa37d92 elementor-section-boxed elementor-section-height-default elementor-section-height-default\" data-id=\"2aa37d92\" data-element_type=\"section\">\n\t\t\t\t\t\t<div class=\"elementor-container elementor-column-gap-default\">\n\t\t\t\t\t<div class=\"elementor-column elementor-col-33 elementor-inner-column elementor-element elementor-element-1cc806bc\" data-id=\"1cc806bc\" data-element_type=\"column\">\n\t\t\t<div class=\"elementor-widget-wrap elementor-element-populated\">\n\t\t\t\t\t\t\t\t<div class=\"elementor-element elementor-element-312aeb0c elementor-widget elementor-widget-image\" data-id=\"312aeb0c\" data-element_type=\"widget\" data-widget_type=\"image.default\">\n\t\t\t\t<div class=\"elementor-widget-container\">\n\t\t\t\t\t\t\t\t\t\t\t\t\t\t\t<img fetchpriority=\"high\" decoding=\"async\" width=\"300\" height=\"300\" src=\"https:\/\/makingmaterials.cmic.polimi.it\/wp-content\/uploads\/2020\/12\/giulia-salem-300x300.jpg\" class=\"attachment-medium size-medium wp-image-1374\" alt=\"\" srcset=\"https:\/\/makingmaterials.cmic.polimi.it\/wp-content\/uploads\/2020\/12\/giulia-salem-300x300.jpg 300w, https:\/\/makingmaterials.cmic.polimi.it\/wp-content\/uploads\/2020\/12\/giulia-salem-150x150.jpg 150w, https:\/\/makingmaterials.cmic.polimi.it\/wp-content\/uploads\/2020\/12\/giulia-salem.jpg 640w\" sizes=\"(max-width: 300px) 100vw, 300px\" \/>\t\t\t\t\t\t\t\t\t\t\t\t\t\t\t<\/div>\n\t\t\t\t<\/div>\n\t\t\t\t\t<\/div>\n\t\t<\/div>\n\t\t\t\t<div class=\"elementor-column elementor-col-66 elementor-inner-column elementor-element elementor-element-7c584bd1\" data-id=\"7c584bd1\" data-element_type=\"column\">\n\t\t\t<div class=\"elementor-widget-wrap elementor-element-populated\">\n\t\t\t\t\t\t\t\t<div class=\"elementor-element elementor-element-73525be1 elementor-widget elementor-widget-heading\" data-id=\"73525be1\" data-element_type=\"widget\" data-widget_type=\"heading.default\">\n\t\t\t\t<div class=\"elementor-widget-container\">\n\t\t\t<h2 class=\"elementor-heading-title elementor-size-default\">Competitive packaging from concept to shelf injection moulding polypropylene for high quality packaging components<\/h2>\t\t<\/div>\n\t\t\t\t<\/div>\n\t\t\t\t<div class=\"elementor-element elementor-element-3b2265cb elementor-widget elementor-widget-text-editor\" data-id=\"3b2265cb\" data-element_type=\"widget\" data-widget_type=\"text-editor.default\">\n\t\t\t\t<div class=\"elementor-widget-container\">\n\t\t\t\t\t\t\t<p class=\"translation-block\"><span style=\"font-size: 16px\"> One of the biggest difficulties that a brand faces in the <\/span> <span style=\"font-size: 16px\"> field of consumer goods is to stand out among competitors during <\/span> <span style=\"font-size: 16px\"> the sale to the final consumer. The quality of the packaging plays an essential <\/span> <span style=\"font-size: 16px\"> role in the level of competitiveness of the brand. <\/span><\/p>\n<p>The thesis includes a thorough analysis for the placing on the market of injection-molded polypropylene (PP) components, from the design phase to the high quality final production. The research presents the implementation of a new packaging developed for the multinational Unilever as a real case study, which puts into practice the knowledge gained during the academic career and the experience in the company.<\/p>\t\t\t\t\t\t<\/div>\n\t\t\t\t<\/div>\n\t\t\t\t\t<\/div>\n\t\t<\/div>\n\t\t\t\t\t\t\t<\/div>\n\t\t<\/section>\n\t\t\t\t\t<\/div>\n\t\t<\/div>\n\t\t\t\t\t\t\t<\/div>\n\t\t<\/section>\n\t\t\t\t<section class=\"elementor-section elementor-top-section elementor-element elementor-element-25340515 elementor-section-boxed elementor-section-height-default elementor-section-height-default\" data-id=\"25340515\" data-element_type=\"section\" data-settings=\"{&quot;background_background&quot;:&quot;classic&quot;}\">\n\t\t\t\t\t\t<div class=\"elementor-container elementor-column-gap-no\">\n\t\t\t\t\t<div class=\"elementor-column elementor-col-50 elementor-top-column elementor-element elementor-element-1cc82f18\" data-id=\"1cc82f18\" data-element_type=\"column\">\n\t\t\t<div class=\"elementor-widget-wrap elementor-element-populated\">\n\t\t\t\t\t\t\t\t<div class=\"elementor-element elementor-element-2dfb66ad elementor-widget elementor-widget-heading\" data-id=\"2dfb66ad\" data-element_type=\"widget\" data-widget_type=\"heading.default\">\n\t\t\t\t<div class=\"elementor-widget-container\">\n\t\t\t<h2 class=\"elementor-heading-title elementor-size-default\">contacts<\/h2>\t\t<\/div>\n\t\t\t\t<\/div>\n\t\t\t\t<div class=\"elementor-element elementor-element-3d8cbff3 elementor-widget elementor-widget-text-editor\" data-id=\"3d8cbff3\" data-element_type=\"widget\" data-widget_type=\"text-editor.default\">\n\t\t\t\t<div class=\"elementor-widget-container\">\n\t\t\t\t\t\t\t<p><span style=\"font-weight: 400;\"><a href=\"http:\/\/politesi.polimi.it\/handle\/10589\/131725\" target=\"_blank\" rel=\"noopener\">POLITESI<\/a><\/span><\/p><p><a href=\"https:\/\/www.linkedin.com\/in\/giulia-salem\/\" target=\"_blank\" rel=\"noopener\"><span style=\"font-weight: 400;\">Linkedin<\/span><\/a><\/p>\t\t\t\t\t\t<\/div>\n\t\t\t\t<\/div>\n\t\t\t\t\t<\/div>\n\t\t<\/div>\n\t\t\t\t<div class=\"elementor-column elementor-col-50 elementor-top-column elementor-element elementor-element-2812096d\" data-id=\"2812096d\" data-element_type=\"column\">\n\t\t\t<div class=\"elementor-widget-wrap elementor-element-populated\">\n\t\t\t\t\t\t\t\t<div class=\"elementor-element elementor-element-1a2fac1c elementor-widget elementor-widget-heading\" data-id=\"1a2fac1c\" data-element_type=\"widget\" data-widget_type=\"heading.default\">\n\t\t\t\t<div class=\"elementor-widget-container\">\n\t\t\t<h2 class=\"elementor-heading-title elementor-size-default\">keywords<\/h2>\t\t<\/div>\n\t\t\t\t<\/div>\n\t\t\t\t<div class=\"elementor-element elementor-element-10247cce elementor-widget elementor-widget-text-editor\" data-id=\"10247cce\" data-element_type=\"widget\" data-widget_type=\"text-editor.default\">\n\t\t\t\t<div class=\"elementor-widget-container\">\n\t\t\t\t\t\t\t<p>Packaging<\/p>\n<p>Polypropylene<\/p>\n<p>Injection Moulding<\/p>\t\t\t\t\t\t<\/div>\n\t\t\t\t<\/div>\n\t\t\t\t\t<\/div>\n\t\t<\/div>\n\t\t\t\t\t\t\t<\/div>\n\t\t<\/section>\n\t\t\t\t<section class=\"elementor-section elementor-top-section elementor-element elementor-element-77790d1 elementor-section-boxed elementor-section-height-default elementor-section-height-default\" data-id=\"77790d1\" data-element_type=\"section\">\n\t\t\t\t\t\t<div class=\"elementor-container elementor-column-gap-default\">\n\t\t\t\t\t<div class=\"elementor-column elementor-col-33 elementor-top-column elementor-element elementor-element-1fd26d51\" data-id=\"1fd26d51\" data-element_type=\"column\">\n\t\t\t<div class=\"elementor-widget-wrap elementor-element-populated\">\n\t\t\t\t\t\t\t\t<div class=\"elementor-element elementor-element-3ab1d453 elementor-widget elementor-widget-image\" data-id=\"3ab1d453\" data-element_type=\"widget\" data-widget_type=\"image.default\">\n\t\t\t\t<div class=\"elementor-widget-container\">\n\t\t\t\t\t\t\t\t\t\t\t\t\t\t\t<img decoding=\"async\" width=\"768\" height=\"768\" src=\"https:\/\/makingmaterials.cmic.polimi.it\/wp-content\/uploads\/2020\/12\/salem-1-768x768.jpg\" class=\"attachment-medium_large size-medium_large wp-image-1373\" alt=\"\" srcset=\"https:\/\/makingmaterials.cmic.polimi.it\/wp-content\/uploads\/2020\/12\/salem-1-768x768.jpg 768w, https:\/\/makingmaterials.cmic.polimi.it\/wp-content\/uploads\/2020\/12\/salem-1-300x300.jpg 300w, https:\/\/makingmaterials.cmic.polimi.it\/wp-content\/uploads\/2020\/12\/salem-1-150x150.jpg 150w, https:\/\/makingmaterials.cmic.polimi.it\/wp-content\/uploads\/2020\/12\/salem-1.jpg 857w\" sizes=\"(max-width: 768px) 100vw, 768px\" \/>\t\t\t\t\t\t\t\t\t\t\t\t\t\t\t<\/div>\n\t\t\t\t<\/div>\n\t\t\t\t\t<\/div>\n\t\t<\/div>\n\t\t\t\t<div class=\"elementor-column elementor-col-33 elementor-top-column elementor-element elementor-element-40043ba1\" data-id=\"40043ba1\" data-element_type=\"column\">\n\t\t\t<div class=\"elementor-widget-wrap elementor-element-populated\">\n\t\t\t\t\t\t\t\t<div class=\"elementor-element elementor-element-1cf48c5a elementor-widget elementor-widget-image\" data-id=\"1cf48c5a\" data-element_type=\"widget\" data-widget_type=\"image.default\">\n\t\t\t\t<div class=\"elementor-widget-container\">\n\t\t\t\t\t\t\t\t\t\t\t\t\t\t\t<img decoding=\"async\" width=\"609\" height=\"609\" src=\"https:\/\/makingmaterials.cmic.polimi.it\/wp-content\/uploads\/2020\/12\/salem-4.png\" class=\"attachment-medium_large size-medium_large wp-image-1371\" alt=\"\" srcset=\"https:\/\/makingmaterials.cmic.polimi.it\/wp-content\/uploads\/2020\/12\/salem-4.png 609w, https:\/\/makingmaterials.cmic.polimi.it\/wp-content\/uploads\/2020\/12\/salem-4-300x300.png 300w, https:\/\/makingmaterials.cmic.polimi.it\/wp-content\/uploads\/2020\/12\/salem-4-150x150.png 150w\" sizes=\"(max-width: 609px) 100vw, 609px\" \/>\t\t\t\t\t\t\t\t\t\t\t\t\t\t\t<\/div>\n\t\t\t\t<\/div>\n\t\t\t\t\t<\/div>\n\t\t<\/div>\n\t\t\t\t<div class=\"elementor-column elementor-col-33 elementor-top-column elementor-element elementor-element-550591fa\" data-id=\"550591fa\" data-element_type=\"column\">\n\t\t\t<div class=\"elementor-widget-wrap elementor-element-populated\">\n\t\t\t\t\t\t\t\t<div class=\"elementor-element elementor-element-48e03a5a elementor-widget elementor-widget-image\" data-id=\"48e03a5a\" data-element_type=\"widget\" data-widget_type=\"image.default\">\n\t\t\t\t<div class=\"elementor-widget-container\">\n\t\t\t\t\t\t\t\t\t\t\t\t\t\t\t<img loading=\"lazy\" decoding=\"async\" width=\"617\" height=\"617\" src=\"https:\/\/makingmaterials.cmic.polimi.it\/wp-content\/uploads\/2020\/12\/salem-3.png\" class=\"attachment-medium_large size-medium_large wp-image-1372\" alt=\"\" srcset=\"https:\/\/makingmaterials.cmic.polimi.it\/wp-content\/uploads\/2020\/12\/salem-3.png 617w, https:\/\/makingmaterials.cmic.polimi.it\/wp-content\/uploads\/2020\/12\/salem-3-300x300.png 300w, https:\/\/makingmaterials.cmic.polimi.it\/wp-content\/uploads\/2020\/12\/salem-3-150x150.png 150w\" sizes=\"(max-width: 617px) 100vw, 617px\" \/>\t\t\t\t\t\t\t\t\t\t\t\t\t\t\t<\/div>\n\t\t\t\t<\/div>\n\t\t\t\t\t<\/div>\n\t\t<\/div>\n\t\t\t\t\t\t\t<\/div>\n\t\t<\/section>\n\t\t\t\t\t\t\t<\/div>","protected":false},"excerpt":{"rendered":"<p>giulia salem Competitive packaging from concept to shelf injection moulding polypropylene for high quality packaging components Una delle maggiori difficolt\u00e0 che un marchio affronta nel campo dei beni di largo consumo \u00e8 quella di spiccare tra i concorrenti durante la vendita al consumatore finale. La qualit\u00e0 del packaging ha un ruolo essenziale nel livello di [&hellip;]<\/p>\n","protected":false},"author":2,"featured_media":0,"parent":288,"menu_order":0,"comment_status":"closed","ping_status":"closed","template":"","meta":{"_monsterinsights_skip_tracking":false,"_monsterinsights_sitenote_active":false,"_monsterinsights_sitenote_note":"","_monsterinsights_sitenote_category":0,"site-sidebar-layout":"no-sidebar","site-content-layout":"page-builder","ast-site-content-layout":"","site-content-style":"default","site-sidebar-style":"default","ast-global-header-display":"","ast-banner-title-visibility":"","ast-main-header-display":"","ast-hfb-above-header-display":"","ast-hfb-below-header-display":"","ast-hfb-mobile-header-display":"","site-post-title":"disabled","ast-breadcrumbs-content":"","ast-featured-img":"disabled","footer-sml-layout":"","theme-transparent-header-meta":"default","adv-header-id-meta":"","stick-header-meta":"","header-above-stick-meta":"","header-main-stick-meta":"","header-below-stick-meta":"","astra-migrate-meta-layouts":"default","ast-page-background-enabled":"default","ast-page-background-meta":{"desktop":{"background-color":"","background-image":"","background-repeat":"repeat","background-position":"center center","background-size":"auto","background-attachment":"scroll","background-type":"","background-media":"","overlay-type":"","overlay-color":"","overlay-gradient":""},"tablet":{"background-color":"","background-image":"","background-repeat":"repeat","background-position":"center center","background-size":"auto","background-attachment":"scroll","background-type":"","background-media":"","overlay-type":"","overlay-color":"","overlay-gradient":""},"mobile":{"background-color":"","background-image":"","background-repeat":"repeat","background-position":"center center","background-size":"auto","background-attachment":"scroll","background-type":"","background-media":"","overlay-type":"","overlay-color":"","overlay-gradient":""}},"ast-content-background-meta":{"desktop":{"background-color":"var(--ast-global-color-5)","background-image":"","background-repeat":"repeat","background-position":"center center","background-size":"auto","background-attachment":"scroll","background-type":"","background-media":"","overlay-type":"","overlay-color":"","overlay-gradient":""},"tablet":{"background-color":"var(--ast-global-color-5)","background-image":"","background-repeat":"repeat","background-position":"center center","background-size":"auto","background-attachment":"scroll","background-type":"","background-media":"","overlay-type":"","overlay-color":"","overlay-gradient":""},"mobile":{"background-color":"var(--ast-global-color-5)","background-image":"","background-repeat":"repeat","background-position":"center center","background-size":"auto","background-attachment":"scroll","background-type":"","background-media":"","overlay-type":"","overlay-color":"","overlay-gradient":""}},"footnotes":""},"yoast_head":"<!-- This site is optimized with the Yoast SEO plugin v23.3 - https:\/\/yoast.com\/wordpress\/plugins\/seo\/ -->\n<title>Giulia Salem - Making Materials<\/title>\n<meta name=\"robots\" content=\"index, follow, max-snippet:-1, max-image-preview:large, max-video-preview:-1\" \/>\n<link rel=\"canonical\" href=\"https:\/\/makingmaterials.cmic.polimi.it\/en\/il-team\/giulia-salem-alumnus\/\" \/>\n<meta property=\"og:locale\" content=\"en_GB\" \/>\n<meta property=\"og:type\" content=\"article\" \/>\n<meta property=\"og:title\" content=\"Giulia Salem - Making Materials\" \/>\n<meta property=\"og:description\" content=\"giulia salem Competitive packaging from concept to shelf injection moulding polypropylene for high quality packaging components Una delle maggiori difficolt\u00e0 che un marchio affronta nel campo dei beni di largo consumo \u00e8 quella di spiccare tra i concorrenti durante la vendita al consumatore finale. La qualit\u00e0 del packaging ha un ruolo essenziale nel livello di [&hellip;]\" \/>\n<meta property=\"og:url\" content=\"https:\/\/makingmaterials.cmic.polimi.it\/en\/il-team\/giulia-salem-alumnus\/\" \/>\n<meta property=\"og:site_name\" content=\"Making Materials\" \/>\n<meta property=\"article:modified_time\" content=\"2021-07-06T10:05:32+00:00\" \/>\n<meta property=\"og:image\" content=\"http:\/\/makingmaterials.cmic.polimi.it\/wp-content\/uploads\/2020\/12\/giulia-salem-300x300.jpg\" \/>\n<meta name=\"twitter:card\" content=\"summary_large_image\" \/>\n<meta name=\"twitter:label1\" content=\"Estimated reading time\" \/>\n\t<meta name=\"twitter:data1\" content=\"1 minute\" \/>\n<script type=\"application\/ld+json\" class=\"yoast-schema-graph\">{\"@context\":\"https:\/\/schema.org\",\"@graph\":[{\"@type\":\"WebPage\",\"@id\":\"https:\/\/makingmaterials.cmic.polimi.it\/il-team\/giulia-salem-alumnus\/\",\"url\":\"https:\/\/makingmaterials.cmic.polimi.it\/il-team\/giulia-salem-alumnus\/\",\"name\":\"Giulia Salem - Making Materials\",\"isPartOf\":{\"@id\":\"https:\/\/makingmaterials.cmic.polimi.it\/#website\"},\"primaryImageOfPage\":{\"@id\":\"https:\/\/makingmaterials.cmic.polimi.it\/il-team\/giulia-salem-alumnus\/#primaryimage\"},\"image\":{\"@id\":\"https:\/\/makingmaterials.cmic.polimi.it\/il-team\/giulia-salem-alumnus\/#primaryimage\"},\"thumbnailUrl\":\"http:\/\/makingmaterials.cmic.polimi.it\/wp-content\/uploads\/2020\/12\/giulia-salem-300x300.jpg\",\"datePublished\":\"2020-10-29T13:43:16+00:00\",\"dateModified\":\"2021-07-06T10:05:32+00:00\",\"breadcrumb\":{\"@id\":\"https:\/\/makingmaterials.cmic.polimi.it\/il-team\/giulia-salem-alumnus\/#breadcrumb\"},\"inLanguage\":\"en-GB\",\"potentialAction\":[{\"@type\":\"ReadAction\",\"target\":[\"https:\/\/makingmaterials.cmic.polimi.it\/il-team\/giulia-salem-alumnus\/\"]}]},{\"@type\":\"ImageObject\",\"inLanguage\":\"en-GB\",\"@id\":\"https:\/\/makingmaterials.cmic.polimi.it\/il-team\/giulia-salem-alumnus\/#primaryimage\",\"url\":\"http:\/\/makingmaterials.cmic.polimi.it\/wp-content\/uploads\/2020\/12\/giulia-salem-300x300.jpg\",\"contentUrl\":\"http:\/\/makingmaterials.cmic.polimi.it\/wp-content\/uploads\/2020\/12\/giulia-salem-300x300.jpg\"},{\"@type\":\"BreadcrumbList\",\"@id\":\"https:\/\/makingmaterials.cmic.polimi.it\/il-team\/giulia-salem-alumnus\/#breadcrumb\",\"itemListElement\":[{\"@type\":\"ListItem\",\"position\":1,\"name\":\"Home\",\"item\":\"https:\/\/makingmaterials.cmic.polimi.it\/\"},{\"@type\":\"ListItem\",\"position\":2,\"name\":\"Team\",\"item\":\"https:\/\/makingmaterials.cmic.polimi.it\/il-team\/\"},{\"@type\":\"ListItem\",\"position\":3,\"name\":\"Giulia Salem\"}]},{\"@type\":\"WebSite\",\"@id\":\"https:\/\/makingmaterials.cmic.polimi.it\/#website\",\"url\":\"https:\/\/makingmaterials.cmic.polimi.it\/\",\"name\":\"Making Materials\",\"description\":\"Research - Politecnico di Milano\",\"publisher\":{\"@id\":\"https:\/\/makingmaterials.cmic.polimi.it\/#organization\"},\"potentialAction\":[{\"@type\":\"SearchAction\",\"target\":{\"@type\":\"EntryPoint\",\"urlTemplate\":\"https:\/\/makingmaterials.cmic.polimi.it\/?s={search_term_string}\"},\"query-input\":\"required name=search_term_string\"}],\"inLanguage\":\"en-GB\"},{\"@type\":\"Organization\",\"@id\":\"https:\/\/makingmaterials.cmic.polimi.it\/#organization\",\"name\":\"Making Materials\",\"url\":\"https:\/\/makingmaterials.cmic.polimi.it\/\",\"logo\":{\"@type\":\"ImageObject\",\"inLanguage\":\"en-GB\",\"@id\":\"https:\/\/makingmaterials.cmic.polimi.it\/#\/schema\/logo\/image\/\",\"url\":\"https:\/\/makingmaterials.cmic.polimi.it\/wp-content\/uploads\/2021\/10\/Senza-titolo.png\",\"contentUrl\":\"https:\/\/makingmaterials.cmic.polimi.it\/wp-content\/uploads\/2021\/10\/Senza-titolo.png\",\"width\":248,\"height\":248,\"caption\":\"Making Materials\"},\"image\":{\"@id\":\"https:\/\/makingmaterials.cmic.polimi.it\/#\/schema\/logo\/image\/\"},\"sameAs\":[\"https:\/\/www.instagram.com\/making_materials\/\"]}]}<\/script>\n<!-- \/ Yoast SEO plugin. -->","yoast_head_json":{"title":"Giulia Salem - Making Materials","robots":{"index":"index","follow":"follow","max-snippet":"max-snippet:-1","max-image-preview":"max-image-preview:large","max-video-preview":"max-video-preview:-1"},"canonical":"https:\/\/makingmaterials.cmic.polimi.it\/en\/il-team\/giulia-salem-alumnus\/","og_locale":"en_GB","og_type":"article","og_title":"Giulia Salem - Making Materials","og_description":"giulia salem Competitive packaging from concept to shelf injection moulding polypropylene for high quality packaging components Una delle maggiori difficolt\u00e0 che un marchio affronta nel campo dei beni di largo consumo \u00e8 quella di spiccare tra i concorrenti durante la vendita al consumatore finale. La qualit\u00e0 del packaging ha un ruolo essenziale nel livello di [&hellip;]","og_url":"https:\/\/makingmaterials.cmic.polimi.it\/en\/il-team\/giulia-salem-alumnus\/","og_site_name":"Making Materials","article_modified_time":"2021-07-06T10:05:32+00:00","og_image":[{"url":"http:\/\/makingmaterials.cmic.polimi.it\/wp-content\/uploads\/2020\/12\/giulia-salem-300x300.jpg"}],"twitter_card":"summary_large_image","twitter_misc":{"Estimated reading time":"1 minute"},"schema":{"@context":"https:\/\/schema.org","@graph":[{"@type":"WebPage","@id":"https:\/\/makingmaterials.cmic.polimi.it\/il-team\/giulia-salem-alumnus\/","url":"https:\/\/makingmaterials.cmic.polimi.it\/il-team\/giulia-salem-alumnus\/","name":"Giulia Salem - Making Materials","isPartOf":{"@id":"https:\/\/makingmaterials.cmic.polimi.it\/#website"},"primaryImageOfPage":{"@id":"https:\/\/makingmaterials.cmic.polimi.it\/il-team\/giulia-salem-alumnus\/#primaryimage"},"image":{"@id":"https:\/\/makingmaterials.cmic.polimi.it\/il-team\/giulia-salem-alumnus\/#primaryimage"},"thumbnailUrl":"http:\/\/makingmaterials.cmic.polimi.it\/wp-content\/uploads\/2020\/12\/giulia-salem-300x300.jpg","datePublished":"2020-10-29T13:43:16+00:00","dateModified":"2021-07-06T10:05:32+00:00","breadcrumb":{"@id":"https:\/\/makingmaterials.cmic.polimi.it\/il-team\/giulia-salem-alumnus\/#breadcrumb"},"inLanguage":"en-GB","potentialAction":[{"@type":"ReadAction","target":["https:\/\/makingmaterials.cmic.polimi.it\/il-team\/giulia-salem-alumnus\/"]}]},{"@type":"ImageObject","inLanguage":"en-GB","@id":"https:\/\/makingmaterials.cmic.polimi.it\/il-team\/giulia-salem-alumnus\/#primaryimage","url":"http:\/\/makingmaterials.cmic.polimi.it\/wp-content\/uploads\/2020\/12\/giulia-salem-300x300.jpg","contentUrl":"http:\/\/makingmaterials.cmic.polimi.it\/wp-content\/uploads\/2020\/12\/giulia-salem-300x300.jpg"},{"@type":"BreadcrumbList","@id":"https:\/\/makingmaterials.cmic.polimi.it\/il-team\/giulia-salem-alumnus\/#breadcrumb","itemListElement":[{"@type":"ListItem","position":1,"name":"Home","item":"https:\/\/makingmaterials.cmic.polimi.it\/"},{"@type":"ListItem","position":2,"name":"Team","item":"https:\/\/makingmaterials.cmic.polimi.it\/il-team\/"},{"@type":"ListItem","position":3,"name":"Giulia Salem"}]},{"@type":"WebSite","@id":"https:\/\/makingmaterials.cmic.polimi.it\/#website","url":"https:\/\/makingmaterials.cmic.polimi.it\/","name":"Making Materials","description":"Research - Politecnico di Milano","publisher":{"@id":"https:\/\/makingmaterials.cmic.polimi.it\/#organization"},"potentialAction":[{"@type":"SearchAction","target":{"@type":"EntryPoint","urlTemplate":"https:\/\/makingmaterials.cmic.polimi.it\/?s={search_term_string}"},"query-input":"required name=search_term_string"}],"inLanguage":"en-GB"},{"@type":"Organization","@id":"https:\/\/makingmaterials.cmic.polimi.it\/#organization","name":"Making Materials","url":"https:\/\/makingmaterials.cmic.polimi.it\/","logo":{"@type":"ImageObject","inLanguage":"en-GB","@id":"https:\/\/makingmaterials.cmic.polimi.it\/#\/schema\/logo\/image\/","url":"https:\/\/makingmaterials.cmic.polimi.it\/wp-content\/uploads\/2021\/10\/Senza-titolo.png","contentUrl":"https:\/\/makingmaterials.cmic.polimi.it\/wp-content\/uploads\/2021\/10\/Senza-titolo.png","width":248,"height":248,"caption":"Making Materials"},"image":{"@id":"https:\/\/makingmaterials.cmic.polimi.it\/#\/schema\/logo\/image\/"},"sameAs":["https:\/\/www.instagram.com\/making_materials\/"]}]}},"_links":{"self":[{"href":"https:\/\/makingmaterials.cmic.polimi.it\/en\/wp-json\/wp\/v2\/pages\/670"}],"collection":[{"href":"https:\/\/makingmaterials.cmic.polimi.it\/en\/wp-json\/wp\/v2\/pages"}],"about":[{"href":"https:\/\/makingmaterials.cmic.polimi.it\/en\/wp-json\/wp\/v2\/types\/page"}],"author":[{"embeddable":true,"href":"https:\/\/makingmaterials.cmic.polimi.it\/en\/wp-json\/wp\/v2\/users\/2"}],"replies":[{"embeddable":true,"href":"https:\/\/makingmaterials.cmic.polimi.it\/en\/wp-json\/wp\/v2\/comments?post=670"}],"version-history":[{"count":23,"href":"https:\/\/makingmaterials.cmic.polimi.it\/en\/wp-json\/wp\/v2\/pages\/670\/revisions"}],"predecessor-version":[{"id":2119,"href":"https:\/\/makingmaterials.cmic.polimi.it\/en\/wp-json\/wp\/v2\/pages\/670\/revisions\/2119"}],"up":[{"embeddable":true,"href":"https:\/\/makingmaterials.cmic.polimi.it\/en\/wp-json\/wp\/v2\/pages\/288"}],"wp:attachment":[{"href":"https:\/\/makingmaterials.cmic.polimi.it\/en\/wp-json\/wp\/v2\/media?parent=670"}],"curies":[{"name":"wp","href":"https:\/\/api.w.org\/{rel}","templated":true}]}}